{"id":105,"date":"2023-01-30T11:23:47","date_gmt":"2023-01-30T11:23:47","guid":{"rendered":"http:\/\/topas.com.pl\/?page_id=105"},"modified":"2023-01-30T14:00:17","modified_gmt":"2023-01-30T14:00:17","slug":"web-nie-od-parady-profesjonalni-tworcy-serwisow-internetowych","status":"publish","type":"page","link":"https:\/\/topas.com.pl\/?page_id=105","title":{"rendered":"WEB nie od parady \u2013 profesjonalni tw\u00f3rcy serwis\u00f3w internetowych"},"content":{"rendered":"\n<p><strong>Kto mo\u017ce uczestniczy\u0107 w projekcie?<\/strong><\/p>\n\n\n\n<p>Projekt jest otwarty, dla samozatrudnionych\/mikro i ma\u0142ych przedsi\u0119biorstw z bran\u017cy ICT prowadz\u0105cych dzia\u0142alno\u015b\u0107 w zakresie projektowania stron www (PKD 62.01) maj\u0105cych siedzib\u0119 lub oddzia\u0142 na terenie woj. zachodniopomorskiego oraz ich pracownicy, zatrudnieni na umow\u0119 o prac\u0119, pracuj\u0105cy lub zamieszkuj\u0105cy na terenie woj. zachodniopomorskiego.<\/p>\n\n\n\n<p>W szkoleniach nie mog\u0105 bra\u0107 udzia\u0142u osoby zatrudnione na umowy cywilno-prawne.<\/p>\n\n\n\n<p>Okres realizacji projektu:&nbsp;<strong>01.11.2012 \u2013 30.09.2014<\/strong><\/p>\n\n\n\n<p>W ramach projektu uczestnicy wezm\u0105 udzia\u0142 w szkoleniu:<\/p>\n\n\n\n<ul class=\"wp-block-list\">\n<li><a href=\"https:\/\/topas.com.pl\/wp-content\/uploads\/2023\/01\/programy\/topweb\/cms_html_css_topweb.pdf\">CMS WordPress + HTML + CSS (szkolenie obligatoryjne)<\/a><\/li>\n<\/ul>\n\n\n\n<p>Po jego zako\u0144czeniu uczestnicy dokonuj\u0105 wyboru szkole\u0144 w ramach \u015bcie\u017cki A lub B.<\/p>\n\n\n\n<p><strong>\u015acie\u017cka A<\/strong><\/p>\n\n\n\n<ul class=\"wp-block-list\">\n<li>Obr\u00f3bka grafiki na potrzeby publikacji \u2013 Photoshop<\/li>\n\n\n\n<li>Tworzenie grafiki na potrzeby publikacji \u2013 Adobe Illustrator<\/li>\n\n\n\n<li>DTP \u2013 Tworzenie publikacji \u2013 Adobe InDesign<\/li>\n<\/ul>\n\n\n\n<p><strong>\u015acie\u017cka B<\/strong><\/p>\n\n\n\n<ul class=\"wp-block-list\">\n<li>Obr\u00f3bka grafiki na potrzeby publikacji \u2013 GIMP<\/li>\n\n\n\n<li>Tworzenie grafiki na potrzeby publikacji \u2013 Corel Draw<\/li>\n\n\n\n<li>DTP \u2013 Tworzenie publikacji \u2013 MS Publisher<\/li>\n<\/ul>\n\n\n\n<p><strong>\u015acie\u017cka C<\/strong><\/p>\n\n\n\n<ul class=\"wp-block-list\">\n<li>Przygotowanie danych, analiza i efektowna prezentacja wynik\u00f3w raport\u00f3w<\/li>\n\n\n\n<li>SPSall \u2013 Budowanie portalu intranetowego<br><strong>Egzamin:<\/strong>&nbsp;Certyfikat:&nbsp; Microsoft Office specialist, Microsoft SharePoint 2013<\/li>\n<\/ul>\n\n\n\n<p>Szkolenia odbywaj\u0105 si\u0119 w dni robocze, w godzinach 9:00-16:00, natomiast grupy szkoleniowe wynosz\u0105 12 os\u00f3b.<\/p>\n\n\n\n<p><strong>Op\u0142aty i wk\u0142ad w\u0142asny<\/strong><\/p>\n\n\n\n<p>Udzia\u0142u w szkoleniach jest&nbsp;<strong>w 100% dofinansowany<\/strong>&nbsp;przez Europejski Fundusz Spo\u0142eczny. Uczestnicy nie wnosz\u0105 \u017cadnych op\u0142at za szkolenia ani egzaminy.<\/p>\n\n\n\n<p><strong>W ramach projektu uczestnikom zapewniamy:<\/strong><\/p>\n\n\n\n<ul class=\"wp-block-list\">\n<li>odpowiednio wyposa\u017cone stanowisko szkoleniowe,<\/li>\n\n\n\n<li>wsparcie w formie mentoringu przed przyst\u0105pieniem do egzaminu- 2h\/osoba,<\/li>\n\n\n\n<li>przyst\u0105pienie do egzaminu,<\/li>\n\n\n\n<li>materia\u0142y pomocnicze (materia\u0142y szkoleniowe, notatnik, d\u0142ugopis, itp.),<\/li>\n\n\n\n<li>\u015bwiadectwo uczestnictwa po ka\u017cdym szkoleniu (przy obecno\u015bci na min. 80% zaj\u0119\u0107),<\/li>\n\n\n\n<li>obiad i 2 przerwy kawowe w ci\u0105gu dnia,<\/li>\n\n\n\n<li>w ramach projektu przewiduje si\u0119 refundacj\u0119 nocleg\u00f3w uczestnik\u00f3w oraz zwrot koszt\u00f3w dojazdu .<\/li>\n<\/ul>\n\n\n\n<p><strong>Warunkiem udzia\u0142u w cyklu szkoleniowym jest:<\/strong><\/p>\n\n\n\n<ul class=\"wp-block-list\">\n<li>spe\u0142nienie kryteri\u00f3w uczestnictwa w projekcie, zobacz kto mo\u017ce uczestniczy\u0107 w projekcie (link)<\/li>\n\n\n\n<li>zapoznanie si\u0119 z Regulaminem uczestnictwa w projekcie<\/li>\n\n\n\n<li>zawarcie umowy szkoleniowej pomi\u0119dzy Topas Sp. z o.o. a firm\u0105 deleguj\u0105c\u0105 pracownika lub w\u0142a\u015bcicielem przedsi\u0119biorstwa w przypadku samozatrudnienia<\/li>\n\n\n\n<li>wype\u0142nienia oraz dostarczenie wszystkich wymaganych dokument\u00f3w rekrutacyjnych<\/li>\n<\/ul>\n\n\n\n<p><strong>Zapisy:<\/strong><br>Osoby wyra\u017caj\u0105ce ch\u0119\u0107 uczestnictwa w projekcie prosimy o wype\u0142nienie&nbsp;Karty zg\u0142oszenia&nbsp;i przes\u0142anie jej na adres e-mail: <a href=\"https:\/\/web.archive.org\/web\/20220410212719\/mailto:szkolenia.efs@skills-edu.pl\"><\/a><a href=\"https:\/\/web.archive.org\/web\/20121020134953\/mailto:szkolenia@topas.com.pl\">szkolenia@topas.com.pl<\/a><br>-skan podpisanego odr\u0119cznie dokumentu.<br>Mo\u017cliwe jest r\u00f3wnie\u017c dostarczenie karty osobi\u015bcie lub przes\u0142anie poczt\u0105 do biura projektu:<br>ul. Domaniewska 47\/10<br>02-672 Warszawa<\/p>\n\n\n\n<p><strong>Informacja telefoniczna i rekrutacja:<\/strong><br>Rafa\u0142 Dro\u017adziewicz<br><a href=\"https:\/\/web.archive.org\/web\/20121020134953\/mailto:szkolenia@topas.com.pl\">szkolenia@topas.com.pl<\/a><a href=\"https:\/\/web.archive.org\/web\/20220410212719\/mailto:szkolenia.efs@skills-edu.pl\"><br><\/a>tel.:\u00a0<strong>801 044 069<\/strong><\/p>\n\n\n\n<p><strong>Za\u0142\u0105czniki:<\/strong><\/p>\n\n\n\n<ol class=\"wp-block-list\">\n<li><a href=\"https:\/\/topas.com.pl\/wp-content\/uploads\/2023\/01\/programy\/topweb\/TOPWEB-Regulamin-uczestnictwa_02.07.2014.pdf\">Regulamin<\/a>&nbsp;(pdf)<\/li>\n<\/ol>\n","protected":false},"excerpt":{"rendered":"<p>Kto mo\u017ce uczestniczy\u0107 w projekcie? Projekt jest otwarty, dla samozatrudnionych\/mikro i ma\u0142ych przedsi\u0119biorstw z bran\u017cy ICT prowadz\u0105cych dzia\u0142alno\u015b\u0107 w zakresie projektowania stron www (PKD 62.01) maj\u0105cych siedzib\u0119 lub oddzia\u0142 na terenie woj. zachodniopomorskiego oraz ich pracownicy, zatrudnieni na umow\u0119 o &hellip; <a href=\"https:\/\/topas.com.pl\/?page_id=105\">Czytaj dalej <span class=\"meta-nav\">&rarr;<\/span><\/a><\/p>\n","protected":false},"author":1,"featured_media":0,"parent":52,"menu_order":0,"comment_status":"closed","ping_status":"closed","template":"","meta":{"footnotes":""},"class_list":["post-105","page","type-page","status-publish","hentry"],"_links":{"self":[{"href":"https:\/\/topas.com.pl\/index.php?rest_route=\/wp\/v2\/pages\/105","targetHints":{"allow":["GET"]}}],"collection":[{"href":"https:\/\/topas.com.pl\/index.php?rest_route=\/wp\/v2\/pages"}],"about":[{"href":"https:\/\/topas.com.pl\/index.php?rest_route=\/wp\/v2\/types\/page"}],"author":[{"embeddable":true,"href":"https:\/\/topas.com.pl\/index.php?rest_route=\/wp\/v2\/users\/1"}],"replies":[{"embeddable":true,"href":"https:\/\/topas.com.pl\/index.php?rest_route=%2Fwp%2Fv2%2Fcomments&post=105"}],"version-history":[{"count":4,"href":"https:\/\/topas.com.pl\/index.php?rest_route=\/wp\/v2\/pages\/105\/revisions"}],"predecessor-version":[{"id":117,"href":"https:\/\/topas.com.pl\/index.php?rest_route=\/wp\/v2\/pages\/105\/revisions\/117"}],"up":[{"embeddable":true,"href":"https:\/\/topas.com.pl\/index.php?rest_route=\/wp\/v2\/pages\/52"}],"wp:attachment":[{"href":"https:\/\/topas.com.pl\/index.php?rest_route=%2Fwp%2Fv2%2Fmedia&parent=105"}],"curies":[{"name":"wp","href":"https:\/\/api.w.org\/{rel}","templated":true}]}}