{"id":112,"date":"2023-01-30T13:58:11","date_gmt":"2023-01-30T13:58:11","guid":{"rendered":"http:\/\/topas.com.pl\/?page_id=112"},"modified":"2023-01-30T14:00:48","modified_gmt":"2023-01-30T14:00:48","slug":"certyfikowani-administratorzy-it-dla-mmp-ict-w-wojewodztwie-zachodniopomorskim","status":"publish","type":"page","link":"https:\/\/topas.com.pl\/?page_id=112","title":{"rendered":"Certyfikowani administratorzy IT dla MMP ICT w wojew\u00f3dztwie zachodniopomorskim"},"content":{"rendered":"\n<p><strong>Kto mo\u017ce uczestniczy\u0107 w projekcie?<\/strong><\/p>\n\n\n\n<p>Projekt otwarty jest dla samozatrudnionych\/mikro i ma\u0142ych przedsi\u0119biorstw w bran\u017cy ICT maj\u0105cych siedzib\u0119 lub oddzia\u0142 na terenie woj. zachodniopomorskiego oraz ich pracownik\u00f3w, zatrudnionych na umow\u0119 o prac\u0119, pracuj\u0105cych lub zamieszkuj\u0105cych na terenie woj. zachodniopomorskiego.<br>W szkoleniach nie mog\u0105 bra\u0107 udzia\u0142u osoby zatrudnione na umowy cywilno-prawne.<\/p>\n\n\n\n<p>Okres realizacji projektu:&nbsp;<strong>01.11.2012 \u2013 30.09.2014<\/strong><\/p>\n\n\n\n<p><strong>W ramach projektu realizowane b\u0119d\u0105 nast\u0119puj\u0105ce SZKOLENIA AUTORSKIE:<\/strong><\/p>\n\n\n\n<p><strong>1. Certyfikowany Specjalista Technologii Active Directory<\/strong><\/p>\n\n\n\n<ul class=\"wp-block-list\">\n<li>Konfiguracja, zarz\u0105dzanie i utrzymanie Windows Server 2012&nbsp;(40h \u2013 5 dni)<\/li>\n\n\n\n<li>Rozwi\u0105zywanie problem\u00f3w Windows Server 2012 Active Directory DS&nbsp;(40h \u2013 5 dni)<\/li>\n\n\n\n<li>Warsztat przedegzaminacyjny(24h \u2013 5 dni)<strong><em><br>Egzamin i certyfikat:<\/em><\/strong>MCP: Installing and Configuring Windows Server 2012<\/li>\n<\/ul>\n\n\n\n<p><strong>2. Certyfikowany Specjalista Technologii Windows 8<\/strong><\/p>\n\n\n\n<ul class=\"wp-block-list\">\n<li>Konfiguracja i administracja stacji roboczej Windows 8(40h \u2013 5 dni)<\/li>\n\n\n\n<li>Wsparcie techniczne u\u017cytkownik\u00f3w aplikacji(40h \u2013 5 dni)<\/li>\n\n\n\n<li>Warsztat przedegzaminacyjny&nbsp;(24h \u2013 3 dni)<strong><em><br>Egzamin i certyfikat:&nbsp;<\/em><\/strong>MCP: Configuring Windows 8.1<\/li>\n<\/ul>\n\n\n\n<p><strong>3. Certyfikowany Specjalista Technologii Sieciowych<\/strong><\/p>\n\n\n\n<ul class=\"wp-block-list\">\n<li>Konfiguracja, zarz\u0105dzanie i utrzymanie Windows Server 2012&nbsp;(40h \u2013 5 dni)<\/li>\n\n\n\n<li>Rozwi\u0105zywanie problem\u00f3w z infrastruktur\u0105 sieciow\u0105 WS 2012(40h \u2013 5 dni)<\/li>\n\n\n\n<li>Warsztat przedegzaminacyjny(24h \u2013 3 dni)<strong><em><br>Egzamin i certyfikat:<\/em><\/strong>&nbsp;MCP: Installing and Configuring Windows Server 2012<\/li>\n<\/ul>\n\n\n\n<p><strong>4. Certyfikowany Specjalista Technologii Exchange<\/strong><\/p>\n\n\n\n<ul class=\"wp-block-list\">\n<li>Konfiguracja, zarz\u0105dzanie i utrzymanie Windows Server 2012(40h \u2013 5 dni)<\/li>\n\n\n\n<li>Konfiguracja, zarz\u0105dzanie i utrzymanie MS Exchange Server 2013(40h \u2013 5 dni0<\/li>\n\n\n\n<li>Warsztat przedegzaminacyjny&nbsp;(24h \u2013 3 dni)<strong><em><br>Egzamin i certyfikat:<\/em><\/strong>&nbsp;MCP: Core Solutions of Microsoft Exchange Server 2013<\/li>\n<\/ul>\n\n\n\n<p><strong>Zapraszamy na specjalne szkolenia przygotowane dla Pa\u0144<\/strong><\/p>\n\n\n\n<p><strong>1. Certyfikowany Analityk Wymaga\u0144- \u015bcie\u017cka zaawansowana<\/strong><strong><br>Egzamin:<\/strong>&nbsp;Certified Professional for Requirements Engineering (ReqB \u2013 CPRE) \u2013 Advanced Level<\/p>\n\n\n\n<p><strong>2. Certyfikowany Kierownik Test\u00f3w<\/strong><strong><br>Egzamin:&nbsp;<\/strong>ISTQB \u2013 Poziom zaawansowany, Kierownik test\u00f3w \u2013 egzamin<\/p>\n\n\n\n<p><strong>3. Certyfikowany Specjalista Projektowania Aplikacji Internetowych<\/strong><\/p>\n\n\n\n<ul class=\"wp-block-list\">\n<li>Projektowanie nowoczesnych interfejs\u00f3w aplikacji<\/li>\n\n\n\n<li>Programowanie aplikacji internetowych<\/li>\n\n\n\n<li>Bazy danych w aplikacjach internetowych<\/li>\n<\/ul>\n\n\n\n<p><strong>4. Certyfikowany Specjalista \u2013 Bazy Danych i zarz\u0105dzanie informacj\u0105<\/strong><\/p>\n\n\n\n<ul class=\"wp-block-list\">\n<li>Arkusz kalkulacyjny jako podstawowe narz\u0119dzie bazodanowe<\/li>\n\n\n\n<li>Zaawansowane narz\u0119dzia bazodanowe w arkuszu kalkulacyjnym<\/li>\n\n\n\n<li>Arkusz kalkulacyjny<\/li>\n\n\n\n<li>MS Access 2010<\/li>\n\n\n\n<li>MS Access 2010<strong><em><br>Egzamin i certyfikat:<\/em><\/strong>European Computer Competence Certuficate IT M3 Poziom B oraz egzamin z MS Access na poziomie A<\/li>\n<\/ul>\n\n\n\n<p>Prosimy o zapoznanie si\u0119 z&nbsp;HARMONOGRAMEM SZKOLE\u0143<\/p>\n\n\n\n<p>Szkolenia zwyczajowo odbywaj\u0105 si\u0119 w dni robocze (cho\u0107 dopuszczalny jest system mieszany tj. zaj\u0119cia w ci\u0105gu tygodnia oraz w weekendy) w godzinach 9:00-16:00, natomiast grupy szkoleniowe wynosz\u0105 8 os\u00f3b.<\/p>\n\n\n\n<p><strong>Op\u0142aty i wk\u0142ad w\u0142asny<\/strong><br>Udzia\u0142 w szkoleniach jest w&nbsp;<strong>100% dofinansowany<\/strong>&nbsp;przez Europejski Fundusz Spo\u0142eczny. Uczestnicy nie wnosz\u0105 jakichkolwiek op\u0142at za szkolenia ani egzaminy.<\/p>\n\n\n\n<p><strong>W ramach projektu uczestnikom zapewniamy:<\/strong><\/p>\n\n\n\n<ul class=\"wp-block-list\">\n<li>analiz\u0119 potrzeb szkoleniowych- obligatoryjny test bazowych kompetencji IT<\/li>\n\n\n\n<li>prowadzenie szkolenia przez wysoko wykwalifikowanego trenera,<\/li>\n\n\n\n<li>odpowiednio wyposa\u017cone stanowisko szkoleniowe,<\/li>\n\n\n\n<li>przyst\u0105pienie do egzaminu,<\/li>\n\n\n\n<li>materia\u0142y pomocnicze (materia\u0142y szkoleniowe, notatnik, d\u0142ugopis, itp.),<\/li>\n\n\n\n<li>testy wiedzy przed i po szkoleniu (pre- i post- testy),<\/li>\n\n\n\n<li>\u015bwiadectwo uczestnictwa ( przy obecno\u015bci na min. 80% zaj\u0119\u0107),<\/li>\n\n\n\n<li>obiad i 2 przerwy kawowe w ci\u0105gu dnia,<\/li>\n\n\n\n<li>w ramach projektu przewiduje si\u0119 r\u00f3wnie\u017c refundacj\u0119 nocleg\u00f3w dla uczestnik\u00f3w.<\/li>\n<\/ul>\n\n\n\n<p><strong>Warunkiem udzia\u0142u w cyklu szkoleniowym jest:<\/strong><\/p>\n\n\n\n<ul class=\"wp-block-list\">\n<li>spe\u0142nienie kryteri\u00f3w uczestnictwa w projekcie,<\/li>\n\n\n\n<li>zapoznanie si\u0119 z Regulaminem uczestnictwa w projekcie,<\/li>\n\n\n\n<li>zawarcie umowy szkoleniowej pomi\u0119dzy Topas Sp. z o.o. a firm\u0105 deleguj\u0105c\u0105 pracownika lub w\u0142a\u015bcicielem przedsi\u0119biorstwa w przypadku samozatrudnienia,<\/li>\n\n\n\n<li>wype\u0142nienia oraz dostarczenie wszystkich wymaganych dokument\u00f3w rekrutacyjnych.<\/li>\n<\/ul>\n\n\n\n<p><strong>Zapisy:<\/strong><br>Osoby wyra\u017caj\u0105ce ch\u0119\u0107 uczestnictwa w projekcie prosimy o wype\u0142nienie&nbsp;Karty zg\u0142oszenia&nbsp;i przes\u0142anie jej na adres e-mail:&nbsp;<a href=\"mailto:szkolenia@topas.com.pl\">szkolenia@topas.com.pl<\/a>\u2013 skan podpisanego odr\u0119cznie dokumentu.<br>Mo\u017cliwe jest r\u00f3wnie\u017c dostarczenie karty osobi\u015bcie lub przes\u0142anie poczt\u0105 do biura projektu:<br>Al. Wojska Polskiego 7,<br>70-470 Szczecin.<\/p>\n\n\n\n<p><strong>Informacja telefoniczna i rekrutacja:<\/strong><br>Rafa\u0142 Dro\u017adziewicz<a href=\"https:\/\/web.archive.org\/web\/20220509110056\/mailto:szkolenia.efs@skills-edu.pl\"><br>szkolenia@topas.com.pl<br><\/a>tel.:&nbsp;<strong>801 044 069<\/strong><\/p>\n","protected":false},"excerpt":{"rendered":"<p>Kto mo\u017ce uczestniczy\u0107 w projekcie? Projekt otwarty jest dla samozatrudnionych\/mikro i ma\u0142ych przedsi\u0119biorstw w bran\u017cy ICT maj\u0105cych siedzib\u0119 lub oddzia\u0142 na terenie woj. zachodniopomorskiego oraz ich pracownik\u00f3w, zatrudnionych na umow\u0119 o prac\u0119, pracuj\u0105cych lub zamieszkuj\u0105cych na terenie woj. zachodniopomorskiego.W szkoleniach &hellip; <a href=\"https:\/\/topas.com.pl\/?page_id=112\">Czytaj dalej <span class=\"meta-nav\">&rarr;<\/span><\/a><\/p>\n","protected":false},"author":1,"featured_media":0,"parent":52,"menu_order":0,"comment_status":"closed","ping_status":"closed","template":"","meta":{"footnotes":""},"class_list":["post-112","page","type-page","status-publish","hentry"],"_links":{"self":[{"href":"https:\/\/topas.com.pl\/index.php?rest_route=\/wp\/v2\/pages\/112","targetHints":{"allow":["GET"]}}],"collection":[{"href":"https:\/\/topas.com.pl\/index.php?rest_route=\/wp\/v2\/pages"}],"about":[{"href":"https:\/\/topas.com.pl\/index.php?rest_route=\/wp\/v2\/types\/page"}],"author":[{"embeddable":true,"href":"https:\/\/topas.com.pl\/index.php?rest_route=\/wp\/v2\/users\/1"}],"replies":[{"embeddable":true,"href":"https:\/\/topas.com.pl\/index.php?rest_route=%2Fwp%2Fv2%2Fcomments&post=112"}],"version-history":[{"count":2,"href":"https:\/\/topas.com.pl\/index.php?rest_route=\/wp\/v2\/pages\/112\/revisions"}],"predecessor-version":[{"id":118,"href":"https:\/\/topas.com.pl\/index.php?rest_route=\/wp\/v2\/pages\/112\/revisions\/118"}],"up":[{"embeddable":true,"href":"https:\/\/topas.com.pl\/index.php?rest_route=\/wp\/v2\/pages\/52"}],"wp:attachment":[{"href":"https:\/\/topas.com.pl\/index.php?rest_route=%2Fwp%2Fv2%2Fmedia&parent=112"}],"curies":[{"name":"wp","href":"https:\/\/api.w.org\/{rel}","templated":true}]}}