{"id":122,"date":"2023-02-02T14:50:32","date_gmt":"2023-02-02T14:50:32","guid":{"rendered":"http:\/\/topas.com.pl\/?page_id=122"},"modified":"2023-02-02T15:01:53","modified_gmt":"2023-02-02T15:01:53","slug":"certyfikowane-kompetencje-dolnoslaskich-kadr-ict","status":"publish","type":"page","link":"https:\/\/topas.com.pl\/?page_id=122","title":{"rendered":"Certyfikowane kompetencje dolno\u015bl\u0105skich kadr ICT"},"content":{"rendered":"\n<p><strong>Kto mo\u017ce uczestniczy\u0107 w projekcie<\/strong><\/p>\n\n\n\n<p>Projekt jest skierowany&nbsp;<strong>do os\u00f3b&nbsp;z wykszta\u0142ceniem co najwy\u017cej \u015brednim&nbsp;pracuj\u0105cych lub mieszkaj\u0105cych na terenie wojew\u00f3dztwa dolno\u015bl\u0105skiego<\/strong>&nbsp;chc\u0105cych w czasie wolnym od pracy naby\u0107 kompetencje zawodowe w zakresie zaawansowanych umiej\u0119tno\u015bci IT.<br>W szkoleniach mog\u0105 bra\u0107 udzia\u0142 osoby zatrudnione na podstawie umowy cywilnoprawnej lub umowy o prac\u0119.<\/p>\n\n\n\n<p>Okres realizacji projektu:&nbsp;<strong>02.04.2012 \u2013 31.01.2014<\/strong><br><strong>Szkolenia odbywaj\u0105 si\u0119 poza czasem pracy<\/strong>&nbsp;w weekendy w godzinach 9 \u2013 16 we Wroc\u0142awiu pl. Bema 2, Budynek Bema Plaza, wej\u015bcie C. Jest mo\u017cliwo\u015b\u0107 ustalenia termin\u00f3w popo\u0142udniowych (od poniedzia\u0142ku do pi\u0105tku).<\/p>\n\n\n\n<p><strong>Zakres tematyczny i terminy szkole\u0144<\/strong><\/p>\n\n\n\n<p>Zapraszamy do udzia\u0142u w nast\u0119puj\u0105cych \u015bcie\u017ckach:<\/p>\n\n\n\n<p><strong>1: Certyfikowany Profesjonalista UML<\/strong><\/p>\n\n\n\n<p>1.&nbsp;&nbsp;<a href=\"https:\/\/topas.com.pl\/wp-content\/uploads\/2023\/01\/programy\/topds\/uml2at.pdf\">Analiza i modelowanie system\u00f3w IT z wykorzystaniem UML2<\/a>&nbsp;(5 dni)<br>2.&nbsp;<a href=\"https:\/\/topas.com.pl\/wp-content\/uploads\/2023\/01\/programy\/topds\/ocup-f.pdf\">Warsztat przygotowuj\u0105cy do egzaminu OMG UML<\/a>&nbsp;(3 dni)<br>Po pozytywnym wyniku egzaminu \u2013 certyfikat&nbsp;<strong>OMG Certified UML Professional<\/strong><\/p>\n\n\n\n<p><strong>2: Certyfikowany Profesjonalista BPMN<\/strong><\/p>\n\n\n\n<p>1.\u00a0<a href=\"https:\/\/topas.com.pl\/wp-content\/uploads\/2023\/01\/programy\/topds\/bpmn01+02.pdf\" target=\"_blank\" rel=\"noreferrer noopener\">\u00a0Modelowanie proces\u00f3w w notacji BPMN\u00a0<\/a>(4 dni)<br>2.\u00a0<a href=\"https:\/\/topas.com.pl\/wp-content\/uploads\/2023\/01\/programy\/topds\/ocup-f.pdf\" target=\"_blank\" rel=\"noreferrer noopener\">\u00a0Warsztat przygotowuj\u0105cy do egzaminu OMG BPMN\u00a0<\/a>(2 dni)<br>Po pozytywnym wyniku egzaminu \u2013 certyfikat\u00a0<strong>OMG Certified BPMN Professional<\/strong><\/p>\n\n\n\n<p><strong>3: Certyfikowany Programista Oracle Java<\/strong><\/p>\n\n\n\n<p>1.\u00a0<a href=\"https:\/\/topas.com.pl\/wp-content\/uploads\/2023\/01\/programy\/topds\/jpr.pdf\" target=\"_blank\" rel=\"noreferrer noopener\">\u00a0Programowanie w J\u0119zyku Java\u00a0<\/a>(5 dni)<br>2.\u00a0<a href=\"https:\/\/topas.com.pl\/wp-content\/uploads\/2023\/01\/programy\/topds\/ocpjp.pdf\" target=\"_blank\" rel=\"noreferrer noopener\">\u00a0Warsztat przygotowuj\u0105cy do egzaminu OCJP\u00a0<\/a>(3 dni)<br>Po pozytywnym wyniku egzaminu \u2013 certyfikat\u00a0<strong>Oracle Certified Programmer for Java<\/strong><\/p>\n\n\n\n<p><strong>4: Certyfikowany Specjalista Technologii Programist. Microsoft<\/strong><\/p>\n\n\n\n<p>1.\u00a0\u00a0Programming in C# with Microsoft Visual Studio 2010\u00a0(5 dni)<br>2.\u00a0<a rel=\"noreferrer noopener\" href=\"https:\/\/web.archive.org\/web\/20170630010747\/https:\/\/topas.com.pl\/programy\/topds\/am_262_topds.pdf\" target=\"_blank\">\u00a0<\/a>Developing Windows Applications with Microsoft Visual Studio 2010<a rel=\"noreferrer noopener\" href=\"https:\/\/web.archive.org\/web\/20170630010747\/https:\/\/topas.com.pl\/programy\/topds\/am_262_topds.pdf\" target=\"_blank\">\u00a0<\/a>(5 dni)<br>3.\u00a0\u00a0Warsztat przedegzaminacyjny\u00a0(5 dni)<br>Po pozytywnym wyniku egzaminu \u2013 certyfikat\u00a0<strong>Microsoft Cert. Technology Specialist<\/strong><\/p>\n\n\n\n<p><strong>Op\u0142aty\/wk\u0142ad w\u0142asny<\/strong><br>Koszt udzia\u0142u w szkoleniach oraz egzaminach jest&nbsp;<strong>w 100% dofinansowany<\/strong>&nbsp;przez Europejski Fundusz Spo\u0142eczny. Uczestnicy szkole\u0144 nie wnosz\u0105 \u017cadnych op\u0142at.<\/p>\n\n\n\n<p><strong>W ramach projektu uczestnikom zapewniamy<\/strong><\/p>\n\n\n\n<ul class=\"wp-block-list\">\n<li>analiz\u0119 potrzeb szkoleniowych,<\/li>\n\n\n\n<li>prowadzenie szkolenia przez wysoko wykwalifikowanego trenera,<\/li>\n\n\n\n<li>odpowiednio wyposa\u017cone stanowisko szkoleniowe,<\/li>\n\n\n\n<li>materia\u0142y pomocnicze (materia\u0142y szkoleniowe, notatnik, d\u0142ugopis, itp.),<\/li>\n\n\n\n<li>testy wiedzy przed i po szkoleniu (pre- i post- testy),<\/li>\n\n\n\n<li>\u015bwiadectwo uczestnictwa ( przy obecno\u015bci na min. 80% zaj\u0119\u0107),<\/li>\n\n\n\n<li>obiad i 2 przerwy kawowe w ci\u0105gu dnia,<\/li>\n\n\n\n<li>w ramach projektu przewiduje si\u0119 refundacj\u0119 koszt\u00f3w dojazdu dla 20% uczestnik\u00f3w,<\/li>\n<\/ul>\n\n\n\n<p><strong>Zapisy<\/strong><br>Firmy wyra\u017caj\u0105ce ch\u0119\u0107 oddelegowania pracownik\u00f3w na szkolenia w projekcie prosimy o wype\u0142nienie karty zg\u0142oszenia i przes\u0142anie jej do naszych konsultant\u00f3w:<\/p>\n\n\n\n<p>Informacje o projekcie mo\u017cna uzyska\u0107 tak\u017ce pod numerem telefonu 22 460 52 29 lub 22 417 01 85, email:&nbsp;<a href=\"mailto:szkolenia@topas.com.pl\">szkolenia@topas.com.pl<\/a><\/p>\n\n\n\n<p><strong>Lokalizacja<\/strong><br>Szkolenia s\u0105 realizowane w o\u015brodku Topas Sp. z o.o. we Wroc\u0142awiu, pl. Bema 2, Budynek Bema Plaza, wej\u015bcie C.<br>Informacje o projekcie mo\u017cna uzyska\u0107 pod numerem telefonu&nbsp;<strong>(22) 417 01 85<\/strong>&nbsp;lub&nbsp;<a href=\"mailto:szkolenia@topas.com.pl\">szkolenia@topas.com.pl<\/a><\/p>\n\n\n\n<p><strong>Warunki uczestnictwa w projekcie<\/strong><\/p>\n\n\n\n<ul class=\"wp-block-list\">\n<li>spe\u0142nienie kryteri\u00f3w uczestnictwa w projekcie, zobacz kto mo\u017ce uczestniczy\u0107 w projekcie,<\/li>\n\n\n\n<li>zapoznanie si\u0119 z&nbsp;<a href=\"https:\/\/topas.com.pl\/wp-content\/uploads\/2023\/01\/programy\/topds\/regulamin_uczestnictwa_w_projekcie.pdf\" target=\"_blank\" rel=\"noreferrer noopener\">Regulaminem<\/a>&nbsp;uczestnictwa w projekcie,<\/li>\n\n\n\n<li>zawarcie umowy szkoleniowej pomi\u0119dzy Topas Sp. z o.o. a osob\u0105 zainteresowan\u0105 udzia\u0142em w szkoleniach,<\/li>\n\n\n\n<li>wype\u0142nienie deklaracji uczestnictwa wraz ze zgod\u0105 na przetwarzanie danych osobowych przez ka\u017cdego uczestnika szkolenia.<\/li>\n<\/ul>\n\n\n\n<p><strong>Zapisy:<\/strong><br>Osoby zainteresowane udzia\u0142em w szkoleniach prosimy o wype\u0142nienie&nbsp;<a rel=\"noreferrer noopener\" href=\"https:\/\/topas.com.pl\/wp-content\/uploads\/2023\/01\/programy\/topds\/karta_zgloszenia.pdf\" target=\"_blank\">Karty zg\u0142oszenia<\/a>&nbsp;i przes\u0142anie jej na adres mailowy&nbsp;<a href=\"mailto:szkolenia@topas.com.pl\">szkolenia@topas.com.pl<\/a>. Informacje o projekcie mo\u017cna uzyska\u0107 pod numerami telefonu:&nbsp;<strong>22 417 01 85<\/strong>,&nbsp;<strong>22 460 52 29<\/strong>.<\/p>\n\n\n\n<p><strong>Za\u0142\u0105czniki:<\/strong><\/p>\n\n\n\n<ol class=\"wp-block-list\">\n<li><a href=\"https:\/\/topas.com.pl\/wp-content\/uploads\/2023\/01\/programy\/topds\/Programy_szkolen_topds.zip\" target=\"_blank\" rel=\"noreferrer noopener\">Programy szkole\u0144<\/a>&nbsp;(zip)<\/li>\n\n\n\n<li><a href=\"https:\/\/topas.com.pl\/wp-content\/uploads\/2023\/01\/programy\/topds\/karta_zgloszenia.pdf\" target=\"_blank\" rel=\"noreferrer noopener\">Karta zg\u0142oszenia<\/a>&nbsp;(pdf)<\/li>\n\n\n\n<li><a href=\"https:\/\/topas.com.pl\/wp-content\/uploads\/2023\/01\/programy\/topds\/dokumenty_zgloszeniowe.zip\" target=\"_blank\" rel=\"noreferrer noopener\">Umowa szkoleniowa&nbsp;<\/a>(zip)<\/li>\n<\/ol>\n","protected":false},"excerpt":{"rendered":"<p>Kto mo\u017ce uczestniczy\u0107 w projekcie Projekt jest skierowany&nbsp;do os\u00f3b&nbsp;z wykszta\u0142ceniem co najwy\u017cej \u015brednim&nbsp;pracuj\u0105cych lub mieszkaj\u0105cych na terenie wojew\u00f3dztwa dolno\u015bl\u0105skiego&nbsp;chc\u0105cych w czasie wolnym od pracy naby\u0107 kompetencje zawodowe w zakresie zaawansowanych umiej\u0119tno\u015bci IT.W szkoleniach mog\u0105 bra\u0107 udzia\u0142 osoby zatrudnione na podstawie &hellip; <a href=\"https:\/\/topas.com.pl\/?page_id=122\">Czytaj dalej <span class=\"meta-nav\">&rarr;<\/span><\/a><\/p>\n","protected":false},"author":1,"featured_media":0,"parent":52,"menu_order":0,"comment_status":"closed","ping_status":"closed","template":"","meta":{"footnotes":""},"class_list":["post-122","page","type-page","status-publish","hentry"],"_links":{"self":[{"href":"https:\/\/topas.com.pl\/index.php?rest_route=\/wp\/v2\/pages\/122","targetHints":{"allow":["GET"]}}],"collection":[{"href":"https:\/\/topas.com.pl\/index.php?rest_route=\/wp\/v2\/pages"}],"about":[{"href":"https:\/\/topas.com.pl\/index.php?rest_route=\/wp\/v2\/types\/page"}],"author":[{"embeddable":true,"href":"https:\/\/topas.com.pl\/index.php?rest_route=\/wp\/v2\/users\/1"}],"replies":[{"embeddable":true,"href":"https:\/\/topas.com.pl\/index.php?rest_route=%2Fwp%2Fv2%2Fcomments&post=122"}],"version-history":[{"count":9,"href":"https:\/\/topas.com.pl\/index.php?rest_route=\/wp\/v2\/pages\/122\/revisions"}],"predecessor-version":[{"id":132,"href":"https:\/\/topas.com.pl\/index.php?rest_route=\/wp\/v2\/pages\/122\/revisions\/132"}],"up":[{"embeddable":true,"href":"https:\/\/topas.com.pl\/index.php?rest_route=\/wp\/v2\/pages\/52"}],"wp:attachment":[{"href":"https:\/\/topas.com.pl\/index.php?rest_route=%2Fwp%2Fv2%2Fmedia&parent=122"}],"curies":[{"name":"wp","href":"https:\/\/api.w.org\/{rel}","templated":true}]}}