{"id":133,"date":"2023-02-02T15:15:04","date_gmt":"2023-02-02T15:15:04","guid":{"rendered":"http:\/\/topas.com.pl\/?page_id=133"},"modified":"2023-02-02T15:15:05","modified_gmt":"2023-02-02T15:15:05","slug":"biznes-bazuje-na-informatyce","status":"publish","type":"page","link":"https:\/\/topas.com.pl\/?page_id=133","title":{"rendered":"Biznes bazuje na informatyce"},"content":{"rendered":"\n<p>Celem projektu&nbsp; jest rozw\u00f3j potencja\u0142u 177 MM\u015aP z bran\u017cy IT&nbsp;&nbsp; woj. dolno\u015bl\u0105skiego poprzez wzrost kompetencji 210 Administrator\u00f3w\/ek i Programist\u00f3w\/ek&nbsp; w wyniku przeprowadzenia zaawansowanych szkole\u0144 IT z procedur\u0105 certyfikacyjn\u0105.<\/p>\n\n\n\n<p>Okres realizacji projektu:&nbsp;<strong>od 02.01.2013 do 31.12.2014<\/strong><\/p>\n\n\n\n<p><strong>Kto mo\u017ce uczestniczy\u0107 w projekcie<\/strong><\/p>\n\n\n\n<p>Projekt jest otwarty, dla samozatrudnionych\/mikro, ma\u0142ych i \u015brednich przedsi\u0119biorstw z bran\u017cy IT&nbsp; maj\u0105cych siedzib\u0119 lub jednostk\u0119 organizacyjn\u0105 na terenie woj. dolno\u015bl\u0105skiego nie korzystaj\u0105cych dot\u0105d z pomocy POKL w ramach szkole\u0144 obj\u0119tych zasadami pomocy publicznej oraz ich pracownik\u00f3w \u2013 administrator\u00f3w lub programist\u00f3w z maksymalnie \u015brednim wykszta\u0142ceniem,&nbsp; zatrudnionych zgodnie z art. 2 ustawy z dnia 26.06.1974r. Kodeksu pracy oraz na umowy cywilno-prawne oraz samozatrudnieni &nbsp;z obszaru wojew\u00f3dztwa dolno\u015bl\u0105skiego.<\/p>\n\n\n\n<p>W szkoleniach nie mog\u0105 bra\u0107 udzia\u0142u osoby zatrudnione na umowy cywilno-prawne.<\/p>\n\n\n\n<p><strong>Zakres tematyczny i terminy szkole\u0144<\/strong><\/p>\n\n\n\n<p><strong>1.&nbsp;Certyfikowany Administrator Baz Danych:&nbsp;rekrutacja zako\u0144czona<\/strong><\/p>\n\n\n\n<ul class=\"wp-block-list\">\n<li>Instrukcje zapyta\u0144 w T-SQL dla MS SQL Server 2012\u00a0(3 dni)<\/li>\n\n\n\n<li>Administracja i utrzymanie baz danych MS SQL Server 2012( 5 dni)<\/li>\n\n\n\n<li>Warsztaty przedegzaminacyjne\u00a0(3 dni)<\/li>\n<\/ul>\n\n\n\n<p><strong>Uczestnik podejdzie do egzaminu: MCTS:SQL Server 2012, Implementation and Maintenence<\/strong><\/p>\n\n\n\n<p><strong>2. Certyfikowany programista Baz Danych:&nbsp;rekrutacja zako\u0144czona<\/strong><\/p>\n\n\n\n<ul class=\"wp-block-list\">\n<li>Instrukcje zapyta\u0144 w T-SQL dla MS MS SQL Server 2012\u00a0(3 dni)<\/li>\n\n\n\n<li>Implementacja baz danych MS SQL Server 2012\u00a0(5 dni)<\/li>\n\n\n\n<li>Warsztaty przedegzaminacyjne\u00a0(3 dni)<\/li>\n<\/ul>\n\n\n\n<p><strong>Uczestnik podejdzie do egzaminu: MCTS: SQL Server 2012, Database Development<\/strong><\/p>\n\n\n\n<p><strong>3. Certyfikowany projektant aplikacji internetowych:<\/strong><\/p>\n\n\n\n<ul class=\"wp-block-list\">\n<li>Najlepsza droga do profesjonalnego serwisu www\u00a0(5 dni)<\/li>\n\n\n\n<li>Responsive Design z Adobe Dreamweaver\u00a0( 3 dni)<\/li>\n\n\n\n<li>Obr\u00f3bka cyfrowa zdj\u0119\u0107 I publikowanie w internecie\u00a0(3 dni)<\/li>\n<\/ul>\n\n\n\n<p><strong>Uczestnik podejdzie do egzaminu:&nbsp;Certyfikowany Projektant Aplikacji Internetowych<\/strong><\/p>\n\n\n\n<p><strong>4. Certyfikowany Programista SUN JAVA:<\/strong><\/p>\n\n\n\n<ul class=\"wp-block-list\">\n<li>Programowanie w j\u0119zyku JAVA\u00a0(5 dni)<\/li>\n\n\n\n<li>Programowanie w j\u0119zyku JAVA poziom zaawansowany\u00a0(3 dni)<\/li>\n\n\n\n<li>Przygotowanie do certyfikatu: Sun Certified Programmer for Java\u00a0(3 dni)<\/li>\n<\/ul>\n\n\n\n<p><strong>Uczestnik podejdzie do egzaminu:&nbsp;Sun Certified Programmer for Java<\/strong><\/p>\n\n\n\n<p><strong>5. Certyfikowany Administrator i Programista Business Intelligence<\/strong><\/p>\n\n\n\n<ul class=\"wp-block-list\">\n<li>Implementacja i zarz\u0105dazanie MS SQL Server 2012:Analysis Services\u00a0(3 dni)<\/li>\n\n\n\n<li>Integration Services\u00a0(3 dni)<\/li>\n\n\n\n<li>Reporting Services\u00a0(3 dni)<\/li>\n\n\n\n<li>Warsztaty przedegzaminacyjne\u00a0(3 dni)<\/li>\n<\/ul>\n\n\n\n<p><strong>Uczestnik podejdzie do egzaminu: MCTS: SQL Server 2012: Business Intelligence Development and Maintenance<\/strong><\/p>\n\n\n\n<p><strong>Op\u0142aty i wk\u0142ad w\u0142asny<\/strong><br>100% koszt\u00f3w szkole\u0144 finansowanych jest z Europejskiego Funduszu Spo\u0142ecznego w formie pomocy de minimis. Uczestnicy szkole\u0144&nbsp;<strong>nie wnosz\u0105 \u017cadnych op\u0142at<\/strong>.<\/p>\n\n\n\n<p><strong>W ramach projektu uczestnikom zapewniamy:<\/strong><\/p>\n\n\n\n<ul class=\"wp-block-list\">\n<li>odpowiednio wyposa\u017cone stanowisko szkoleniowe,<\/li>\n\n\n\n<li>przyst\u0105pienie do egzaminu,<\/li>\n\n\n\n<li>materia\u0142y pomocnicze (materia\u0142y szkoleniowe, notatnik, d\u0142ugopis, itp.),<\/li>\n\n\n\n<li>\u015bwiadectwo uczestnictwa w szkoleniu (przy obecno\u015bci na min. 80% zaj\u0119\u0107),<\/li>\n\n\n\n<li>obiad i serwis kawowy w ci\u0105gu dnia,<\/li>\n\n\n\n<li>w ramach projektu przewiduje si\u0119 refundacj\u0119 nocleg\u00f3w dla cz\u0119\u015bci uczestnik\u00f3w oraz zwrot koszt\u00f3w dojazdu dla cz\u0119\u015bci uczestnik\u00f3w .<\/li>\n<\/ul>\n\n\n\n<p><strong>LOKALIZACJA<\/strong><\/p>\n\n\n\n<p>Szkolenia odbywaj\u0105 si\u0119&nbsp; od poniedzia\u0142ku do niedzieli, w godzinach 9:00-17:00 na terenie Wroc\u0142awia.&nbsp; Biuro projektu mie\u015bci si\u0119 na ul. Genera\u0142a J\u00f3zefa Bema 2 we Wroc\u0142awiu .<\/p>\n\n\n\n<p>Grupy szkoleniowe b\u0119d\u0105 liczy\u0142y 10 os\u00f3b.<\/p>\n\n\n\n<p><strong>Warunkiem udzia\u0142u w cyklu szkoleniowym jest:<\/strong><\/p>\n\n\n\n<ul class=\"wp-block-list\">\n<li>spe\u0142nienie kryteri\u00f3w uczestnictwa w projekcie,<\/li>\n\n\n\n<li>zapoznanie si\u0119 z Regulaminem uczestnictwa w projekcie (link)<\/li>\n\n\n\n<li>zawarcie umowy szkoleniowej pomi\u0119dzy Topas Sp. z o.o. a firm\u0105 deleguj\u0105c\u0105 pracownika lub w\u0142a\u015bcicielem przedsi\u0119biorstwa w przypadku samozatrudnienia<\/li>\n\n\n\n<li>wype\u0142nienia oraz dostarczenie wszystkich wymaganych dokument\u00f3w rekrutacyjnych<\/li>\n<\/ul>\n\n\n\n<p><strong>Zapisy:<\/strong><br>Osoby wyra\u017caj\u0105ce ch\u0119\u0107 uczestnictwa w projekcie prosimy o wype\u0142nienie\u00a0karty zg\u0142oszenia<br>i przes\u0142anie jej na adres e-mail:<a href=\"https:\/\/web.archive.org\/web\/20220706154627\/mailto:szkolenia.efs@skills-edu.pl\"><br><\/a>szkolenia@topas.com.pl<br><strong>Kontakt:<\/strong><br>szkolenia@topas.com.pl<br>tel.:\u00a0<strong>801 044 069<\/strong><\/p>\n","protected":false},"excerpt":{"rendered":"<p>Celem projektu&nbsp; jest rozw\u00f3j potencja\u0142u 177 MM\u015aP z bran\u017cy IT&nbsp;&nbsp; woj. dolno\u015bl\u0105skiego poprzez wzrost kompetencji 210 Administrator\u00f3w\/ek i Programist\u00f3w\/ek&nbsp; w wyniku przeprowadzenia zaawansowanych szkole\u0144 IT z procedur\u0105 certyfikacyjn\u0105. Okres realizacji projektu:&nbsp;od 02.01.2013 do 31.12.2014 Kto mo\u017ce uczestniczy\u0107 w projekcie Projekt &hellip; <a href=\"https:\/\/topas.com.pl\/?page_id=133\">Czytaj dalej <span class=\"meta-nav\">&rarr;<\/span><\/a><\/p>\n","protected":false},"author":1,"featured_media":0,"parent":52,"menu_order":0,"comment_status":"closed","ping_status":"closed","template":"","meta":{"footnotes":""},"class_list":["post-133","page","type-page","status-publish","hentry"],"_links":{"self":[{"href":"https:\/\/topas.com.pl\/index.php?rest_route=\/wp\/v2\/pages\/133","targetHints":{"allow":["GET"]}}],"collection":[{"href":"https:\/\/topas.com.pl\/index.php?rest_route=\/wp\/v2\/pages"}],"about":[{"href":"https:\/\/topas.com.pl\/index.php?rest_route=\/wp\/v2\/types\/page"}],"author":[{"embeddable":true,"href":"https:\/\/topas.com.pl\/index.php?rest_route=\/wp\/v2\/users\/1"}],"replies":[{"embeddable":true,"href":"https:\/\/topas.com.pl\/index.php?rest_route=%2Fwp%2Fv2%2Fcomments&post=133"}],"version-history":[{"count":1,"href":"https:\/\/topas.com.pl\/index.php?rest_route=\/wp\/v2\/pages\/133\/revisions"}],"predecessor-version":[{"id":134,"href":"https:\/\/topas.com.pl\/index.php?rest_route=\/wp\/v2\/pages\/133\/revisions\/134"}],"up":[{"embeddable":true,"href":"https:\/\/topas.com.pl\/index.php?rest_route=\/wp\/v2\/pages\/52"}],"wp:attachment":[{"href":"https:\/\/topas.com.pl\/index.php?rest_route=%2Fwp%2Fv2%2Fmedia&parent=133"}],"curies":[{"name":"wp","href":"https:\/\/api.w.org\/{rel}","templated":true}]}}