{"id":136,"date":"2023-02-02T15:33:10","date_gmt":"2023-02-02T15:33:10","guid":{"rendered":"http:\/\/topas.com.pl\/?page_id=136"},"modified":"2023-02-02T15:33:11","modified_gmt":"2023-02-02T15:33:11","slug":"skonfigurowani-administratorzy-w-mmsp-branzy-ict-w-wielkopolsce","status":"publish","type":"page","link":"https:\/\/topas.com.pl\/?page_id=136","title":{"rendered":"Skonfigurowani administratorzy w MMSP bran\u017cy ICT w Wielkopolsce"},"content":{"rendered":"\n<p>Celem projektu jest wzrost profesjonalizmu 130 MMSP ICT z Wielkopolski i ich kadry pracowniczej. Poszerzenie kwalifikacji, wzrost samooceny i motywacji zawodowej pracownik\u00f3w firm wielkopolskich w tym zniwelowanie r\u00f3\u017cnic mi\u0119dzy osobami zatrudnionymi na podobnych stanowiskach przez wzmocnienie kompetencji os\u00f3b z maksymalnie \u015brednim wykszta\u0142ceniem oraz uzyskanie certyfikat\u00f3w.<\/p>\n\n\n\n<p><strong>Projekt zosta\u0142 zrealizowany<\/strong><\/p>\n\n\n\n<p>Okres realizacji projektu:&nbsp;<strong>01.05.2013 \u2013 31.12.2014<\/strong><\/p>\n\n\n\n<p><strong>Kto mo\u017ce uczestniczy\u0107 w projekcie?<\/strong><\/p>\n\n\n\n<p>Projekt otwarty, dla&nbsp;<strong>samozatrudnionych\/mikro, ma\u0142ych i \u015brednich przedsi\u0119biorstw<\/strong>&nbsp;<strong>w bran\u017cy ICT<\/strong>&nbsp;(PKD 2007: J 58-63) maj\u0105cych jednostk\u0119 organizacyjn\u0105 na terenie woj. wielkopolskiego oraz ich pracownik\u00f3w, zatrudnionych na&nbsp;<strong>umow\u0119 o prac\u0119<\/strong>, pracuj\u0105cych i\/lub zamieszkuj\u0105cych na terenie woj. wielkopolskiego. Uczestnicy Projektu to osoby o niskich kwalifikacjach,&nbsp;<strong>zatrudnieni jako administratorzy<\/strong>, bez certyfikowanych kompetencji zawodowych.<br>W szkoleniach nie mog\u0105 bra\u0107 udzia\u0142u osoby zatrudnione na umowy cywilno-prawne.<\/p>\n\n\n\n<p>W ramach projektu uczestnicy wezm\u0105 udzia\u0142 w szkoleniu:<\/p>\n\n\n\n<p><strong>1. M\u0141ODSZY ADMINISTRATOR Linux<\/strong><\/p>\n\n\n\n<ul class=\"wp-block-list\">\n<li>Administracja systemem operacyjnym Linux \u2013cz. I\u00a0(40h \u2013 5 dni)<\/li>\n\n\n\n<li>Administracja systemem Linux \u2013cz. II\u00a0(40h \u2013\u00a0 5 dni)<\/li>\n<\/ul>\n\n\n\n<p>Egzamin po ka\u017cdym szkoleniu.<br>Pozytywny wynik obu egzamin\u00f3w =&nbsp;<strong>Certyfikat Junior Level Linux Professional<\/strong><\/p>\n\n\n\n<p><strong>2. CERTYFIKOWANY SPECJALISTA Technologii Sieciowych<\/strong><\/p>\n\n\n\n<ul class=\"wp-block-list\">\n<li>Konfiguracja, zarz\u0105dzanie i utrzymanie Windows Server 2012\u00a0(40h \u2013 5 dni)<\/li>\n\n\n\n<li>Implementacja i administracja us\u0142ugami sieciowymi\u00a0(40h \u2013 5 dni)<\/li>\n\n\n\n<li>Warsztat przygotowuj\u0105cy do egzaminu.\u00a0(24h \u2013\u00a0 3 dni)<\/li>\n<\/ul>\n\n\n\n<p><strong>Certyfikat MCTS: Windows Server 2012 Network Infrastructure<\/strong><\/p>\n\n\n\n<p>\u015acie\u017cka C: CERTYFIKOWANY SPECJALISTA Technologii Active Directory<\/p>\n\n\n\n<ul class=\"wp-block-list\">\n<li>Konfiguracja, zarz\u0105dzanie i utrzymanie Windows Server 2012\u00a0(40h \u2013 5 dni)<\/li>\n\n\n\n<li>Implementacja i administracja us\u0142ug\u0105 Active Directory\u00a0(40h \u2013 5 dni)<\/li>\n\n\n\n<li>Warsztat przygotowuj\u0105cy do egzaminu\u00a0(24h \u2013 3 dni)<\/li>\n<\/ul>\n\n\n\n<p><strong>Certyfikat MCTS: Windows Server 2012 Active Directory<\/strong><\/p>\n\n\n\n<p><strong>3. CERTYFIKOWANY SPECJALISTA Technologii Baz Danych SQL Server<\/strong><\/p>\n\n\n\n<ul class=\"wp-block-list\">\n<li>Instrukcje T-SQL w Microsoft SQL Server 2012\u00a0(24h \u2013 3 dni)<\/li>\n\n\n\n<li>Administracja bazami danych MS SQL 2012\u00a0(40h \u2013 5 dni)<\/li>\n\n\n\n<li>Implementacja baz danych\u00a0(40h \u2013 5 dni)<\/li>\n\n\n\n<li>Warsztat przygotowuj\u0105cy do egzaminu\u00a0(24h \u2013\u00a0 3 dni)<\/li>\n<\/ul>\n\n\n\n<p><strong>Certyfikat MCTS: Microsoft SQL Server 2012, Implementation and Maintenance<\/strong><\/p>\n\n\n\n<p><strong>4. CERTYFIKOWANY PROJEKTANT Aplikacji Internetowych<\/strong><\/p>\n\n\n\n<ul class=\"wp-block-list\">\n<li>CMS WordPress + HTML + CSS<\/li>\n\n\n\n<li>Obr\u00f3bka grafiki na potrzeby publikacji<\/li>\n\n\n\n<li>Tworzenie grafiki na potrzeby publikacji \u2013 Adobe Illustrator<\/li>\n\n\n\n<li>Responsive Web Design<\/li>\n<\/ul>\n\n\n\n<p><strong>Certyfikat: Certyfikowany Projektant Aplikacji Internetowych<\/strong><\/p>\n\n\n\n<p>Prosimy o zapoznanie si\u0119 z\u00a0Harmonogramem szkole\u0144<\/p>\n\n\n\n<p>Szkolenia odbywaj\u0105 si\u0119 od poniedzia\u0142ku do pi\u0105tku, w godzinach 9:00-16:00, natomiast grupy szkoleniowe b\u0119d\u0105 liczy\u0142y 10 os\u00f3b.<\/p>\n\n\n\n<p><strong>Op\u0142aty i wk\u0142ad w\u0142asny<\/strong><\/p>\n\n\n\n<p>Udzia\u0142 w szkoleniach jest&nbsp;<strong>w 100% dofinansowany<\/strong>&nbsp;przez Europejski Fundusz Spo\u0142eczny. Uczestnicy nie wnosz\u0105 \u017cadnych op\u0142at za szkolenia ani egzaminy.<\/p>\n\n\n\n<p><strong>W ramach projektu uczestnikom zapewniamy:<\/strong><\/p>\n\n\n\n<ul class=\"wp-block-list\">\n<li>analiz\u0119 potrzeb szkoleniowych,<\/li>\n\n\n\n<li>obligatoryjny test bazowych kompetencji ICT (na etapie rekrutacji, test musi by\u0107 sprawdzony min. liczba punkt\u00f3w 5 na 10),<\/li>\n\n\n\n<li>testy wiedzy przed i po szkoleniu (pre- i post- testy),<\/li>\n\n\n\n<li>odpowiednio wyposa\u017cone stanowisko szkoleniowe,<\/li>\n\n\n\n<li>prowadzenie szkolenia przez wysoko wykwalifikowanego trenera,<\/li>\n\n\n\n<li>profesjonalne materia\u0142y szkoleniowe,<\/li>\n\n\n\n<li>artyku\u0142y pomocnicze (notes, d\u0142ugopis, o\u0142\u00f3wek, teczka),<\/li>\n\n\n\n<li>pocz\u0119stunek (serwis kawowy + lunch),<\/li>\n\n\n\n<li>cz\u0119\u015bciowy zwrot koszt\u00f3w dojazdu dla 30% UP i noclegu dla 20% UP \u2013 do wyczerpania \u015brodk\u00f3w,<\/li>\n\n\n\n<li>\u015bwiadectwo uczestnictwa (przy obecno\u015bci na min. 80% zaj\u0119\u0107) \/certyfikat potwierdzaj\u0105cy zdanie egzaminu; w przypadku szkole\u0144 autoryzowanych \u2013 na blankiecie instytucji autoryzuj\u0105cej.<\/li>\n\n\n\n<li>przyst\u0105pienie do egzaminu<\/li>\n<\/ul>\n\n\n\n<p><strong>Warunkiem udzia\u0142u w cyklu szkoleniowym jest:<\/strong><\/p>\n\n\n\n<ul class=\"wp-block-list\">\n<li>spe\u0142nienie kryteri\u00f3w uczestnictwa w projekcie,<\/li>\n\n\n\n<li>zapoznanie si\u0119 z Regulaminem uczestnictwa w projekcie (link)<\/li>\n\n\n\n<li>zawarcie umowy szkoleniowej pomi\u0119dzy Topas Sp. z o.o. a firm\u0105 deleguj\u0105c\u0105 pracownika lub w\u0142a\u015bcicielem przedsi\u0119biorstwa w przypadku samozatrudnienia<\/li>\n\n\n\n<li>wype\u0142nienia oraz dostarczenie wszystkich wymaganych dokument\u00f3w rekrutacyjnych<\/li>\n<\/ul>\n\n\n\n<p><strong>Zapisy:<\/strong><br>Osoby wyra\u017caj\u0105ce ch\u0119\u0107 uczestnictwa w projekcie prosimy o wype\u0142nienie\u00a0karty zg\u0142oszenia\u00a0i przes\u0142anie jej na adres e-mail:<br>szkolenia@topas.com.pl \u2013 skan podpisanego odr\u0119cznie dokumentu.<\/p>\n\n\n\n<p>Mo\u017cliwe jest r\u00f3wnie\u017c dostarczenie karty osobi\u015bcie lub przes\u0142anie poczt\u0105 do biura projektu. <\/p>\n\n\n\n<p><strong>Kontakt:<\/strong><br>Anna Wro\u0144ska<a href=\"https:\/\/web.archive.org\/web\/20220407034527\/mailto:szkolenia.efs@skills-edu.pl\"><br><\/a>szkolenia@topas.com.pl<br>tel.:\u00a0<strong>801 044 069<\/strong><\/p>\n","protected":false},"excerpt":{"rendered":"<p>Celem projektu jest wzrost profesjonalizmu 130 MMSP ICT z Wielkopolski i ich kadry pracowniczej. Poszerzenie kwalifikacji, wzrost samooceny i motywacji zawodowej pracownik\u00f3w firm wielkopolskich w tym zniwelowanie r\u00f3\u017cnic mi\u0119dzy osobami zatrudnionymi na podobnych stanowiskach przez wzmocnienie kompetencji os\u00f3b z maksymalnie &hellip; <a href=\"https:\/\/topas.com.pl\/?page_id=136\">Czytaj dalej <span class=\"meta-nav\">&rarr;<\/span><\/a><\/p>\n","protected":false},"author":1,"featured_media":0,"parent":52,"menu_order":0,"comment_status":"closed","ping_status":"closed","template":"","meta":{"footnotes":""},"class_list":["post-136","page","type-page","status-publish","hentry"],"_links":{"self":[{"href":"https:\/\/topas.com.pl\/index.php?rest_route=\/wp\/v2\/pages\/136","targetHints":{"allow":["GET"]}}],"collection":[{"href":"https:\/\/topas.com.pl\/index.php?rest_route=\/wp\/v2\/pages"}],"about":[{"href":"https:\/\/topas.com.pl\/index.php?rest_route=\/wp\/v2\/types\/page"}],"author":[{"embeddable":true,"href":"https:\/\/topas.com.pl\/index.php?rest_route=\/wp\/v2\/users\/1"}],"replies":[{"embeddable":true,"href":"https:\/\/topas.com.pl\/index.php?rest_route=%2Fwp%2Fv2%2Fcomments&post=136"}],"version-history":[{"count":1,"href":"https:\/\/topas.com.pl\/index.php?rest_route=\/wp\/v2\/pages\/136\/revisions"}],"predecessor-version":[{"id":137,"href":"https:\/\/topas.com.pl\/index.php?rest_route=\/wp\/v2\/pages\/136\/revisions\/137"}],"up":[{"embeddable":true,"href":"https:\/\/topas.com.pl\/index.php?rest_route=\/wp\/v2\/pages\/52"}],"wp:attachment":[{"href":"https:\/\/topas.com.pl\/index.php?rest_route=%2Fwp%2Fv2%2Fmedia&parent=136"}],"curies":[{"name":"wp","href":"https:\/\/api.w.org\/{rel}","templated":true}]}}