{"id":141,"date":"2023-02-02T16:07:13","date_gmt":"2023-02-02T16:07:13","guid":{"rendered":"http:\/\/topas.com.pl\/?page_id=141"},"modified":"2023-02-02T16:07:14","modified_gmt":"2023-02-02T16:07:14","slug":"mikroprzedsiebiorstwa-ict-wsparciem-slaskiego-biznesu","status":"publish","type":"page","link":"https:\/\/topas.com.pl\/?page_id=141","title":{"rendered":"Mikroprzedsi\u0119biorstwa ICT wsparciem \u015bl\u0105skiego biznesu"},"content":{"rendered":"\n<p>Celem projektu jest wzmocnienie potencja\u0142u kadrowego 139 przedsi\u0119biorstw ICT poprzez przeszkolenie a tym samym wzrost kwalifikacji w zakresie umiej\u0119tno\u015bci administrowania systemami, sieciami komputerowymi i stacjami roboczymi 150 administrator\u00f3w IT w wojew\u00f3dztwie \u015bl\u0105skim.<\/p>\n\n\n\n<p>Okres realizacji projektu:&nbsp;<strong>01.03.2013 \u2013 30.09.2014<\/strong><\/p>\n\n\n\n<p><strong>Rekrutacja uczestnik\u00f3w do projektu zosta\u0142a zako\u0144czona.<\/strong><\/p>\n\n\n\n<p><strong>Kto mo\u017ce uczestniczy\u0107 w projekcie<\/strong><\/p>\n\n\n\n<p>Projekt jest otwarty, dla samozatrudnionych\/mikro przedsi\u0119biorstw z sektora ICT (prowadzenie dzia\u0142alno\u015bci w obszarze technologie informacyjne i telekomunikacyjne PKD 62.0 i\/lub 63.1 i\/lub 63.9) maj\u0105cych siedzib\u0119 lub jednostk\u0119 organizacyjn\u0105 na terenie woj. \u015bl\u0105skiego, kt\u00f3re oddeleguj\u0105 samozatrudnionych\/pracownik\u00f3w, zatrudnionych na umow\u0119 o prac\u0119, pracuj\u0105cych i\/lub zamieszkuj\u0105cych na terenie woj. \u015bl\u0105skiego. Szkolenia kierowane s\u0105 do pracownik\u00f3w \u2013 administrator\u00f3w IT (bez wzgl\u0119du na wiek i wykszta\u0142cenie, maj\u0105cych jednak niezb\u0119dne kompetencje bazowe w zakresie zarz\u0105dzania \u015brodowiskiem informatycznym), kt\u00f3rzy nie posiadaj\u0105 certyfikatu kompetencji zawodowych z obszar\u00f3w obj\u0119tych wsparciem w ramach projektu i kt\u00f3rych warsztat pracy odbiega od mi\u0119dzynarodowych standard\u00f3w okre\u015blonych przez producent\u00f3w rozwi\u0105za\u0144 informatycznych.<\/p>\n\n\n\n<p>W szkoleniach nie mog\u0105 bra\u0107 udzia\u0142u osoby zatrudnione na umowy cywilno-prawne.<br><strong>Zakres tematyczny i terminy szkole\u0144<\/strong><\/p>\n\n\n\n<p><strong>1. Certyfikowany Specjalista Technologii Active Directory<\/strong><\/p>\n\n\n\n<ul class=\"wp-block-list\">\n<li>Konfiguracja, zarz\u0105dzanie i utrzymanie Windows Server 2012 Servers\u00a0(5 dni)<\/li>\n\n\n\n<li>Rozwi\u0105zywanie problem\u00f3w Windows Server 2008 Active Directory DS\u00a0(5 dni)<\/li>\n\n\n\n<li>Warsztat przedegzaminacyjny\u00a0(3 dni)<\/li>\n<\/ul>\n\n\n\n<p>Egzamin i certyfikat: Microsoft Certified Technology Specialist (MCTS): Windows Server 2008 Active Directory<\/p>\n\n\n\n<p><strong>2. Certyfikowany Specjalista Technologii Microsoft Windows 7<\/strong><\/p>\n\n\n\n<ul class=\"wp-block-list\">\n<li>Konfiguracja i administracja stacji roboczej Windows 7\u00a0 (5 dni)<\/li>\n\n\n\n<li>Wsparcie techniczne u\u017cytkownik\u00f3w i aplikacji w Windows 7\u00a0(5 dni)<\/li>\n\n\n\n<li>Warsztat przedegzaminacyjny\u00a0(3 dni)<\/li>\n<\/ul>\n\n\n\n<p>Egzamin i certyfikat: Microsoft Certified Technology Specialist (MCTS):MS Windows 7<\/p>\n\n\n\n<p><strong>3. Certyfikowany Specjalista Technologii Sieciowych<\/strong><\/p>\n\n\n\n<ul class=\"wp-block-list\">\n<li>Konfiguracja i rozwi\u0105zywanie problem\u00f3w Windows Server 2012\u00a0\u00a0 (5 dni)<\/li>\n\n\n\n<li>Rozwi\u0105zywanie problem\u00f3w z infrastruktur\u0105 sieciow\u0105 Windows Server 2012\u00a0(5 dni)<\/li>\n\n\n\n<li>Warsztat przedegzaminacyjny\u00a0(3 dni)<\/li>\n<\/ul>\n\n\n\n<p>Egzamin i certyfikat: Microsoft Certified Technology Specialist (MCTS): Windows Server 2008 Network Infrastructure<\/p>\n\n\n\n<p><strong>4.&nbsp;Aplikacje internetowe \u2013 projektowanie i realizacja<\/strong><\/p>\n\n\n\n<ul class=\"wp-block-list\">\n<li>Projektowanie nowoczesnych interfejs\u00f3w aplikacji<\/li>\n\n\n\n<li>Bazy Danych w aplikacjach internetowych<\/li>\n\n\n\n<li>Programowanie aplikacji internetowych<\/li>\n<\/ul>\n\n\n\n<p>Egzamin i certyfikat: EDUWEB \u2013 Certyfikowany praktyk PHP<\/p>\n\n\n\n<p>Ostatni termin dla \u015bcie\u017cek: Certyfikowany Specjalista Technologii MS Windows 7, Certyfikowany Specjalista Technologii Sieciowych, Aplikacje internetowe \u2013 projektowanie i realizacja<\/p>\n\n\n\n<p><strong>Op\u0142aty i wk\u0142ad w\u0142asny<\/strong><\/p>\n\n\n\n<p>Udzia\u0142 w szkoleniach jest&nbsp;<strong>w 100% dofinansowany<\/strong>&nbsp;przez Europejski Fundusz Spo\u0142eczny. Uczestnicy nie wnosz\u0105 \u017cadnych op\u0142at za szkolenia ani egzaminy.<\/p>\n\n\n\n<p>Prosimy o zapoznanie si\u0119 z\u00a0HARMONOGRAMEM SZKOLE\u0143<\/p>\n\n\n\n<p><strong>W ramach projektu uczestnikom zapewniamy:<\/strong><\/p>\n\n\n\n<ul class=\"wp-block-list\">\n<li>analiz\u0119 potrzeb szkoleniowych- obligatoryjny test bazowych kompetencji IT,<\/li>\n\n\n\n<li>odpowiednio wyposa\u017cone stanowisko szkoleniowe,<\/li>\n\n\n\n<li>prowadzenie szkolenia przez wysoko wykwalifikowanego trenera,<\/li>\n\n\n\n<li>profesjonalne materia\u0142y szkoleniowe,<\/li>\n\n\n\n<li>artyku\u0142y pomocnicze ( notes, d\u0142ugopis, teczka),<\/li>\n\n\n\n<li>\u015bwiadectwo uczestnictwa w szkoleniu (przy obecno\u015bci na min. 80% zaj\u0119\u0107),<\/li>\n\n\n\n<li>przyst\u0105pienie do egzaminu,<\/li>\n\n\n\n<li>certyfikat potwierdzaj\u0105cy zdanie egzaminu<\/li>\n\n\n\n<li>obiad i serwis kawowy w ci\u0105gu dnia,<\/li>\n\n\n\n<li>cz\u0119\u015bciowy zwrot koszt\u00f3w dojazdu i\/lub noclegu dla 25% uczestnik\u00f3w \u2013 do wyczerpania \u015brodk\u00f3w.<\/li>\n<\/ul>\n\n\n\n<p><strong>LOKALIZACJA<\/strong><\/p>\n\n\n\n<p>Szkolenia odbywaj\u0105 si\u0119 w Katowicach od poniedzia\u0142ku do niedzieli w godzinach 9:00-16:00 natomiast grupy szkoleniowe b\u0119d\u0105 liczy\u0142y 10 os\u00f3b.<\/p>\n\n\n\n<p><strong>Warunkiem udzia\u0142u w cyklu szkoleniowym jest:<\/strong><\/p>\n\n\n\n<ul class=\"wp-block-list\">\n<li>analiz\u0119 potrzeb szkoleniowych- obligatoryjny test bazowych kompetencji IT,<\/li>\n\n\n\n<li>spe\u0142nienie kryteri\u00f3w uczestnictwa w projekcie,<\/li>\n\n\n\n<li>zapoznanie si\u0119 z\u00a0Regulaminem uczestnictwa\u00a0Regulaminem uczestnictwa\u00a0w projekcie (link)<\/li>\n\n\n\n<li>zawarcie umowy szkoleniowej pomi\u0119dzy Topas Sp. z o.o. a firm\u0105 deleguj\u0105c\u0105 pracownika lub w\u0142a\u015bcicielem przedsi\u0119biorstwa w przypadku samozatrudnienia<\/li>\n\n\n\n<li>wype\u0142nienia oraz dostarczenie wszystkich wymaganych dokument\u00f3w rekrutacyjnych<\/li>\n<\/ul>\n\n\n\n<p><strong>Zapisy:<\/strong><br>Osoby wyra\u017caj\u0105ce ch\u0119\u0107 uczestnictwa w projekcie prosimy o wype\u0142nienie\u00a0Karty zg\u0142oszenia\u00a0i przes\u0142anie jej na adres e-mail: <a href=\"mailto:szkolenia@topas.com.pl\">szkolenia@topas.com.pl<\/a> <br>Mo\u017cliwe jest r\u00f3wnie\u017c dostarczenie karty osobi\u015bcie lub przes\u0142anie poczt\u0105 do biura projektu:<br>ul. Opolska 22<br>40-084 Katowice<br>Tel. (32) 775 95 92<\/p>\n\n\n\n<p><strong>Informacja telefoniczna i\u00a0 rekrutacja :<\/strong><br>Karolina Kry\u0144ska<br>szkolenia@topas.com.pl<br>tel.:\u00a0<strong>801 044 069<\/strong><br><\/p>\n","protected":false},"excerpt":{"rendered":"<p>Celem projektu jest wzmocnienie potencja\u0142u kadrowego 139 przedsi\u0119biorstw ICT poprzez przeszkolenie a tym samym wzrost kwalifikacji w zakresie umiej\u0119tno\u015bci administrowania systemami, sieciami komputerowymi i stacjami roboczymi 150 administrator\u00f3w IT w wojew\u00f3dztwie \u015bl\u0105skim. Okres realizacji projektu:&nbsp;01.03.2013 \u2013 30.09.2014 Rekrutacja uczestnik\u00f3w do &hellip; <a href=\"https:\/\/topas.com.pl\/?page_id=141\">Czytaj dalej <span class=\"meta-nav\">&rarr;<\/span><\/a><\/p>\n","protected":false},"author":1,"featured_media":0,"parent":52,"menu_order":0,"comment_status":"closed","ping_status":"closed","template":"","meta":{"footnotes":""},"class_list":["post-141","page","type-page","status-publish","hentry"],"_links":{"self":[{"href":"https:\/\/topas.com.pl\/index.php?rest_route=\/wp\/v2\/pages\/141","targetHints":{"allow":["GET"]}}],"collection":[{"href":"https:\/\/topas.com.pl\/index.php?rest_route=\/wp\/v2\/pages"}],"about":[{"href":"https:\/\/topas.com.pl\/index.php?rest_route=\/wp\/v2\/types\/page"}],"author":[{"embeddable":true,"href":"https:\/\/topas.com.pl\/index.php?rest_route=\/wp\/v2\/users\/1"}],"replies":[{"embeddable":true,"href":"https:\/\/topas.com.pl\/index.php?rest_route=%2Fwp%2Fv2%2Fcomments&post=141"}],"version-history":[{"count":1,"href":"https:\/\/topas.com.pl\/index.php?rest_route=\/wp\/v2\/pages\/141\/revisions"}],"predecessor-version":[{"id":142,"href":"https:\/\/topas.com.pl\/index.php?rest_route=\/wp\/v2\/pages\/141\/revisions\/142"}],"up":[{"embeddable":true,"href":"https:\/\/topas.com.pl\/index.php?rest_route=\/wp\/v2\/pages\/52"}],"wp:attachment":[{"href":"https:\/\/topas.com.pl\/index.php?rest_route=%2Fwp%2Fv2%2Fmedia&parent=141"}],"curies":[{"name":"wp","href":"https:\/\/api.w.org\/{rel}","templated":true}]}}