{"id":151,"date":"2023-02-02T16:30:46","date_gmt":"2023-02-02T16:30:46","guid":{"rendered":"http:\/\/topas.com.pl\/?page_id=151"},"modified":"2023-02-02T16:30:47","modified_gmt":"2023-02-02T16:30:47","slug":"zielone-swiatlo-dla-msp","status":"publish","type":"page","link":"https:\/\/topas.com.pl\/?page_id=151","title":{"rendered":"Zielone \u015bwiat\u0142o dla MSP"},"content":{"rendered":"\n<p>Celem projektu \u201eZielone \u015bwiat\u0142o dla MSP\u201d jest zwi\u0119kszenie efektywno\u015bci dzia\u0142alno\u015bci proekologicznej mikro-, ma\u0142ych i \u015brednich przedsi\u0119biorstw z ca\u0142ej Polski &nbsp;poprzez zwi\u0119kszenie wiedzy i rozw\u00f3j eko-kompetencji ich pracownik\u00f3w.<\/p>\n\n\n\n<p><strong>Okres realizacji projektu: &nbsp;&nbsp;01.12.2013 \u2013 30.06.2015<\/strong><\/p>\n\n\n\n<p><strong>KTO MO\u017bE UCZESTNICZY\u0106 W PROJEKCIE<\/strong><\/p>\n\n\n\n<p>Projekt skierowany jest do kadry mened\u017cerskiej oraz pracownik\u00f3w mikro, ma\u0142ych i \u015brednich przedsi\u0119biorstw delegowanych i\/lub przygotowywanych do wdra\u017cania dzia\u0142a\u0144 proekologicznych.<\/p>\n\n\n\n<p>Projekt zak\u0142ada, \u017ce minimum 30% uczestnik\u00f3w b\u0119d\u0105 stanowi\u0142y kobiety oraz dodatkowo 20% miejsc zarezerwowanych jest dla os\u00f3b, kt\u00f3re uko\u0144czy\u0142y 50 rok \u017cycia.<\/p>\n\n\n\n<p><strong>ZAKRES TEMATYCZNY<\/strong><\/p>\n\n\n\n<p>W ramach projektu oferowane s\u0105 nast\u0119puj\u0105ce formy wsparcia:<\/p>\n\n\n\n<p><strong>1.&nbsp;&nbsp;&nbsp;&nbsp;&nbsp;&nbsp;<\/strong><strong>Analiza potrzeb przedsi\u0119biorc\u00f3w (APP) i opracowanie programu wdro\u017ce\u0144 dzia\u0142a\u0144 proekologicznych (obowi\u0105zkowe dla wszystkich przedsi\u0119biorstw bior\u0105cych udzia\u0142 w&nbsp;projekcie).<\/strong><br>Analiza zostanie wykonana w zakresie rozwi\u0105za\u0144 proekologicznych dla doprecyzowania zakresu i formy koniecznego wsparcia w obszarze potencjalnych dzia\u0142a\u0144 zorientowanych na wsparcie konkurencyjno\u015bci firm. Proces diagnostyczny dotyczy 2 obszar\u00f3w (ich por\u00f3wnanie pozwoli na zaplanowanie i realizacj\u0119 dzia\u0142a\u0144 niweluj\u0105cych niedob\u00f3r \u015bwiadomo\u015bci i wiedzy MSP w ww. sferach):<\/p>\n\n\n\n<ul class=\"wp-block-list\">\n<li><strong>Eko\u2013Analiza Przedsi\u0119biorc\u00f3w dla ka\u017cdego zrekrutowanego MSP w zakresie diagnozy stanu i potrzeb wprowadzania rozwi\u0105za\u0144 proekologicznych.<\/strong><\/li>\n\n\n\n<li><strong>Analiza luk w zakresie Eko-Kompetencji (EK)niezb\u0119dnych kadrom&nbsp; MSP odpowiedzialnym za wdro\u017cenia proekologicznych w firmach<\/strong>.<\/li>\n<\/ul>\n\n\n\n<p>Analiza b\u0119dzie przeprowadzana w ramach wizyt w MSP zakwalifikowanych do projektu, tj. w ich siedzibie i\/lub w miejscu prowadzenia dzia\u0142alno\u015bci lub zdalnie.<\/p>\n\n\n\n<p>Wsparcie zaplanowano w odniesieniu do wielko\u015bci firm i skali potencjalnych potrzeb w wymiarze: 6h\/mikro, 14h\/ma\u0142e, 28h\/\u015brednie przedsi\u0119biorstwo.<\/p>\n\n\n\n<p><strong>2.&nbsp;&nbsp;&nbsp;&nbsp;&nbsp;&nbsp;<\/strong><strong>Szkolenia<\/strong><\/p>\n\n\n\n<p>Ka\u017cdy uczestnik projektu wybiera jedn\u0105 z dost\u0119pnych \u015bcie\u017cek:<\/p>\n\n\n\n<p><strong>\u015acie\u017cka 1: Rozwi\u0105zania ekologiczne w firmach \u2013 analiza baz danych narz\u0119dziem audytu energetycznego i kontroli efektywno\u015bci podejmowanych dzia\u0142a\u0144 proekologicznych<\/strong><\/p>\n\n\n\n<ul class=\"wp-block-list\">\n<li>5 dni \u2013\u00a0Analiza baz danych z wykorzystaniem MS Excel<\/li>\n<\/ul>\n\n\n\n<p><strong>\u015acie\u017cka 2: Zarz\u0105dzanie rozwi\u0105zaniami proekologicznym \u2013 wsparcie technologiczne i koncepcyjne procesu<\/strong><\/p>\n\n\n\n<ul class=\"wp-block-list\">\n<li>3 dni \u2013\u00a0MS Project \u2013 planowanie harmonogram\u00f3w oraz kontrola realizacji eko-projekt\u00f3w<\/li>\n\n\n\n<li>2 dni \u2013\u00a0Systemy ekonomiczne a \u015brodowisko naturalne \u2013 podstawowe interakcje (proekologiczne systemy zarz\u0105dzania)<\/li>\n<\/ul>\n\n\n\n<p><strong>\u015acie\u017cka 3: Ekoinnowacje \u2013 bran\u017ca IT. Optymalizacja infrastruktury IT w oparciu o mechanizmy wirtualizacji:<\/strong><\/p>\n\n\n\n<ul class=\"wp-block-list\">\n<li>5 dni \u2013\u00a0Optymalizacja infrastruktury IT w oparciu o mechanizmy wirtualizacji<\/li>\n<\/ul>\n\n\n\n<p><strong>3.&nbsp;&nbsp;&nbsp;&nbsp;&nbsp;&nbsp;<\/strong><strong>Doradztwo poszkoleniowe (dla 50% firm bior\u0105cych udzia\u0142 w analizie i szkoleniach)<\/strong>Dla zwi\u0119kszenia efektu szkolenia zaplanowano wsparcie poszkoleniowe, podczas kt\u00f3rego przedsi\u0119biorcy b\u0119d\u0105 mogli przy pomocy doradcy pozna\u0107 sw\u00f3j potencja\u0142 oraz bariery i&nbsp;braki, kt\u00f3re nale\u017cy wyeliminowa\u0107, by m\u00f3g\u0142 nast\u0105pi\u0107 intensywny rozw\u00f3j dzia\u0142a\u0144 proekologiczny.<\/p>\n\n\n\n<p>Wsparcie b\u0119dzie realizowane w wymiarze: 4h\/mikro, 8h\/ma\u0142e, 16h\/\u015brednie.<\/p>\n\n\n\n<p><strong>OP\u0141ATY\/WK\u0141AD W\u0141ASNY<\/strong><\/p>\n\n\n\n<p>100% koszt\u00f3w szkole\u0144 finansowanych jest z Europejskiego Funduszu Spo\u0142ecznego w formie pomocy de minimis. Uczestnicy szkole\u0144&nbsp;<strong>nie wnosz\u0105 \u017cadnych op\u0142at<\/strong>.*<\/p>\n\n\n\n<p><strong>W RAMACH PROJEKTU UCZESTNIKOM ZAPEWNIAMY:<\/strong><\/p>\n\n\n\n<ul class=\"wp-block-list\">\n<li>prowadzenie szkolenia przez wysoko wykwalifikowanego&nbsp;trenera,<\/li>\n\n\n\n<li>odpowiednio wyposa\u017cone stanowisko szkoleniowe,<\/li>\n\n\n\n<li>materia\u0142y szkoleniowe<\/li>\n\n\n\n<li>za\u015bwiadczenia o uko\u0144czeniu szkole\u0144 (przy obecno\u015bci na min. 80% zaj\u0119\u0107)<\/li>\n\n\n\n<li>catering (lunch i serwis kawowy)<\/li>\n\n\n\n<li>testy wiedzy przed i po szkoleniu<\/li>\n\n\n\n<li>refundacj\u0119 koszt\u00f3w dojazdu na szkolenie (dla ok. 40% uczestnik\u00f3w \u2013 warunki okre\u015bla Regulamin)<\/li>\n\n\n\n<li>zakwaterowanie dla uczestnik\u00f3w szkole\u0144 (dla ok. 30% uczestnik\u00f3w&nbsp; \u2013 warunki okre\u015bla Regulamin)<\/li>\n<\/ul>\n\n\n\n<p><strong>LOKALIZACJA<\/strong><\/p>\n\n\n\n<p>Szkolenia realizowane s\u0105 w o\u015brodkach szkoleniowych zlokalizowanych na terenie ca\u0142ego kraju.<\/p>\n\n\n\n<p><strong>WARUNKI UCZESTNICTWA W PROJEKCIE<\/strong><\/p>\n\n\n\n<p>Warunkiem udzia\u0142u w projekcie jest:<\/p>\n\n\n\n<ul class=\"wp-block-list\">\n<li>spe\u0142nienie kryteri\u00f3w uczestnictwa w projekcie, zobacz kto mo\u017ce uczestniczy\u0107 w projekcie,<\/li>\n\n\n\n<li>zapoznanie si\u0119 z&nbsp;Regulaminem uczestnictwa w projekcie,<\/li>\n\n\n\n<li>zawarcie umowy na analiz\u0119 oraz umowy szkoleniowo-doradczej z firm\u0105 Topas sp. z o.o.,<\/li>\n\n\n\n<li>wype\u0142nienie deklaracji uczestnictwa wraz ze zgod\u0105 na przetwarzanie danych osobowych.<\/li>\n<\/ul>\n\n\n\n<p>* istnieje mo\u017cliwo\u015b\u0107 otrzymania wsparcia w formie pomocy publicznej. W przypadku wyboru wsparcia w postaci pomocy publicznej Przedsi\u0119biorca wnosi wk\u0142ad w\u0142asny:<\/p>\n\n\n\n<ul class=\"wp-block-list\">\n<li>20 % wydatk\u00f3w kwalifikowalnych obj\u0119tych pomoc\u0105 publiczn\u0105 przypadaj\u0105cych na mikro przedsi\u0119biorc\u0119 lub ma\u0142ego przedsi\u0119biorc\u0119,<\/li>\n\n\n\n<li>30 % wydatk\u00f3w kwalifikowalnych obj\u0119tych pomoc\u0105 publiczn\u0105 przypadaj\u0105cych na \u015bredniego przedsi\u0119biorc\u0119<\/li>\n<\/ul>\n\n\n\n<p><strong>Zapisy:<\/strong><\/p>\n\n\n\n<p>Osoby wyra\u017caj\u0105ce ch\u0119\u0107 uczestnictwa w projekcie prosimy o przes\u0142anie zapytania na adres e-mail: <a href=\"mailto:szkolenia@topas.com.pl\">szkolenia@topas.com.pl<\/a> <br>Infolinia 801 044 069<\/p>\n","protected":false},"excerpt":{"rendered":"<p>Celem projektu \u201eZielone \u015bwiat\u0142o dla MSP\u201d jest zwi\u0119kszenie efektywno\u015bci dzia\u0142alno\u015bci proekologicznej mikro-, ma\u0142ych i \u015brednich przedsi\u0119biorstw z ca\u0142ej Polski &nbsp;poprzez zwi\u0119kszenie wiedzy i rozw\u00f3j eko-kompetencji ich pracownik\u00f3w. Okres realizacji projektu: &nbsp;&nbsp;01.12.2013 \u2013 30.06.2015 KTO MO\u017bE UCZESTNICZY\u0106 W PROJEKCIE Projekt skierowany &hellip; <a href=\"https:\/\/topas.com.pl\/?page_id=151\">Czytaj dalej <span class=\"meta-nav\">&rarr;<\/span><\/a><\/p>\n","protected":false},"author":1,"featured_media":0,"parent":52,"menu_order":0,"comment_status":"closed","ping_status":"closed","template":"","meta":{"footnotes":""},"class_list":["post-151","page","type-page","status-publish","hentry"],"_links":{"self":[{"href":"https:\/\/topas.com.pl\/index.php?rest_route=\/wp\/v2\/pages\/151","targetHints":{"allow":["GET"]}}],"collection":[{"href":"https:\/\/topas.com.pl\/index.php?rest_route=\/wp\/v2\/pages"}],"about":[{"href":"https:\/\/topas.com.pl\/index.php?rest_route=\/wp\/v2\/types\/page"}],"author":[{"embeddable":true,"href":"https:\/\/topas.com.pl\/index.php?rest_route=\/wp\/v2\/users\/1"}],"replies":[{"embeddable":true,"href":"https:\/\/topas.com.pl\/index.php?rest_route=%2Fwp%2Fv2%2Fcomments&post=151"}],"version-history":[{"count":1,"href":"https:\/\/topas.com.pl\/index.php?rest_route=\/wp\/v2\/pages\/151\/revisions"}],"predecessor-version":[{"id":152,"href":"https:\/\/topas.com.pl\/index.php?rest_route=\/wp\/v2\/pages\/151\/revisions\/152"}],"up":[{"embeddable":true,"href":"https:\/\/topas.com.pl\/index.php?rest_route=\/wp\/v2\/pages\/52"}],"wp:attachment":[{"href":"https:\/\/topas.com.pl\/index.php?rest_route=%2Fwp%2Fv2%2Fmedia&parent=151"}],"curies":[{"name":"wp","href":"https:\/\/api.w.org\/{rel}","templated":true}]}}