{"id":167,"date":"2023-02-03T14:03:28","date_gmt":"2023-02-03T14:03:28","guid":{"rendered":"http:\/\/topas.com.pl\/?page_id=167"},"modified":"2023-02-03T14:03:29","modified_gmt":"2023-02-03T14:03:29","slug":"certyfikowani-programisci-msp-wsparciem-lubuskiego-biznesu","status":"publish","type":"page","link":"https:\/\/topas.com.pl\/?page_id=167","title":{"rendered":"Certyfikowani Programi\u015bci MSP wsparciem lubuskiego biznesu"},"content":{"rendered":"\n<p>Celem projektu jest zwi\u0119kszenie kwalifikacji w zakresie umiej\u0119tno\u015bci programowania IT 190 specjalist\u00f3w IT, ze 109 przedsi\u0119biorstw z sektora MSP w wojew\u00f3dztwie lubuskim.<\/p>\n\n\n\n<p>Okres realizacji projektu:&nbsp;<strong>01.06.2013 \u2013&nbsp;31.05.2015<\/strong><\/p>\n\n\n\n<p><strong>Kto mo\u017ce uczestniczy\u0107 w projekcie<\/strong>:<\/p>\n\n\n\n<p>Projekt jest otwarty dla mikro-, ma\u0142ych, \u015brednich przedsi\u0119biorstw, maj\u0105cych jednostk\u0119 organizacyjn\u0105 w woj. Lubuskim i&nbsp;<strong>do 13 sierpnia 2012 nie korzysta\u0142y ze wsparcia szkoleniowego w ramach EFS w latach 2007-2011.<\/strong><\/p>\n\n\n\n<p>Do udzia\u0142u w projekcie zapraszamy firmy posiadaj\u0105ce dzia\u0142y IT, a tak\u017ce firmy IT specjalizuj\u0105ce si\u0119 w wytwarzaniu dedykowanego oprogramowania,&nbsp; oraz ich pracownik\u00f3w, spe\u0142niaj\u0105cych poni\u017csze wymagania:<\/p>\n\n\n\n<ul class=\"wp-block-list\">\n<li>Zatrudnienie na podstawie umowy o prac\u0119 lub osoba samozatrudniona;<\/li>\n\n\n\n<li>Miejsce pracy lub miejsce zamieszkania na terenie woj. lubuskiego;<\/li>\n\n\n\n<li>Osoby kluczowe w procesie wytwarzania dedykowanego oprogramowania, nie posiadaj\u0105ce certyfikat\u00f3w kompetencji, kt\u00f3rych dotycz\u0105 \u015bcie\u017cki szkoleniowe projektu.<\/li>\n\n\n\n<li>Pozytywny wynik wst\u0119pnego testu wiedzy oceniaj\u0105cego umiej\u0119tno\u015bci bazowe (minimum 60%)<\/li>\n<\/ul>\n\n\n\n<p>Pierwsze\u0144stwo do udzia\u0142u w projekcie maj\u0105:<\/p>\n\n\n\n<ul class=\"wp-block-list\">\n<li>Osoby z maksymalnie \u015brednim wykszta\u0142ceniem (minimum&nbsp; 70% uczestnik\u00f3w)<\/li>\n\n\n\n<li>Kobiety ( minimum 20 % uczestnik\u00f3w)<\/li>\n<\/ul>\n\n\n\n<p><strong>Zakres tematyczny i terminy szkole\u0144:<\/strong><\/p>\n\n\n\n<p>W ramach projektu realizowane b\u0119d\u0105 poni\u017csze \u015bcie\u017cki szkoleniowe:<\/p>\n\n\n\n<p><strong>A. Certyfikowany Profesjonalista UML:<\/strong><\/p>\n\n\n\n<ul class=\"wp-block-list\">\n<li>Analiza i modelowanie system\u00f3w IT z wykorzystaniem UML2 (5 dni)<\/li>\n\n\n\n<li>Przygotowanie do certyfikatu OMG Certified UML Professional (OCUP) (3 dni)<\/li>\n<\/ul>\n\n\n\n<p><strong>Egzamin \u2013 OMG-Certified UML Professional Fundamental Exam zdawany w autoryzowanym centrum testowym Pearsons\/VUE Test Centre<\/strong><\/p>\n\n\n\n<p><strong>B. Certyfikowany Programista JAVA:<\/strong><\/p>\n\n\n\n<ul class=\"wp-block-list\">\n<li>Programowanie w j\u0119zyku JAVA (5 dni)<\/li>\n\n\n\n<li>Przygotowanie do certyfikatu Oracle Certified Java Programmer (3 dni)<\/li>\n<\/ul>\n\n\n\n<p><strong>Egzamin&nbsp; \u2013 Java Standard Edition 6 Programmer Certified Professional Exam zdawany w autoryzowanym centrum testowym Pearsons\/VUE Test Centre<\/strong><\/p>\n\n\n\n<p><strong>C. Certyfikowany Programista Technologii Microsoft.NET<\/strong><\/p>\n\n\n\n<ul class=\"wp-block-list\">\n<li>Microsoft Visual Studio 2010: Programowanie w C# (5 dni)<\/li>\n\n\n\n<li>Programowanie w aplikacji Windows (5 dni)<\/li>\n\n\n\n<li>Przygotowanie do certyfikatu Microsoft Certified Technology Specjalist: .NET Framework 4 (5 dni)<\/li>\n<\/ul>\n\n\n\n<p><strong>Egzamin \u2013 Microsoft Certified Technology Specjalist: .NET Framework 4 zdawany w centrum testowym Prometric Authorized Testing Centre<\/strong><\/p>\n\n\n\n<p><strong>D.&nbsp; Certyfikowany Programista Aplikacji na platform\u0119 Android<\/strong><\/p>\n\n\n\n<ul class=\"wp-block-list\">\n<li>Tworzenie aplikacji w j\u0119zyku Java<\/li>\n\n\n\n<li>Zaawansowane Techniki Programowania w J\u0119zyku Java<\/li>\n\n\n\n<li>Przygotowanie do egzaminu<\/li>\n<\/ul>\n\n\n\n<p><strong>Egzamin \u2013 &nbsp; EOESF Certified Engineer for Android Application Basic Level<\/strong><\/p>\n\n\n\n<p><strong>E. Certyfikowany&nbsp;Programista Aplikacji na platform\u0119&nbsp;iOS<\/strong><\/p>\n\n\n\n<ul class=\"wp-block-list\">\n<li>Projektowanie w j\u0119zyku Objective-C<\/li>\n\n\n\n<li>Warsztat z technik budowania aplikacji w Objectiv-C<\/li>\n\n\n\n<li>Przygotowanie do egzaminu<\/li>\n<\/ul>\n\n\n\n<p><strong>Egzamin<\/strong>:&nbsp;&nbsp;<strong>Certyfikowany programista Objectiv-C<\/strong><\/p>\n\n\n\n<p><strong>F. Certyfikowany Porgramista PHP<\/strong><\/p>\n\n\n\n<ul class=\"wp-block-list\">\n<li>Responsive design z Adobe Dreamweaver<\/li>\n\n\n\n<li>Programowanie aplikacji internetowych<\/li>\n\n\n\n<li>Bazy danych w serwisach internetowych<\/li>\n<\/ul>\n\n\n\n<p><strong>Egzamin<\/strong>:&nbsp;&nbsp;<strong>na platformie EDUWEB Certyfikat EDUWEB \u2013 Certyfikowany Praktyk PHP<\/strong><\/p>\n\n\n\n<p><strong>G. Certyfikowany Programista Baz Danych<\/strong><\/p>\n\n\n\n<ul class=\"wp-block-list\">\n<li>Arkusz kalkulacyjny jako podstawowe narz\u0119dzie bazodanowe<\/li>\n\n\n\n<li>Zaawansowane narz\u0119dzia bazodanowe w arkuszu kalkulacyjnym<\/li>\n\n\n\n<li>Arkusz kalkulacyjny \u2013 narz\u0119dzie programisty baz danych<\/li>\n\n\n\n<li>Projektowanie baz danych (administracja i narz\u0119dzia BI w bazie danych)<\/li>\n<\/ul>\n\n\n\n<p><strong>Egzamin: ECCC IT M3 Poziom B<\/strong><\/p>\n\n\n\n<p><strong>Op\u0142aty i wk\u0142ad w\u0142asny<\/strong><br>100% koszt\u00f3w szkole\u0144 finansowanych jest z Europejskiego Funduszu Spo\u0142ecznego w formie pomocy de minimis. Uczestnicy szkole\u0144&nbsp;<strong>nie wnosz\u0105 \u017cadnych op\u0142at<\/strong>.<\/p>\n\n\n\n<p><strong>LOKALIZACJA<\/strong><\/p>\n\n\n\n<p>Biuro projektu: Ul. Piaskowa 3c, 65-204 Zielona G\u00f3ra (Siedziba Szko\u0142y J\u0119zykowej ELS).<\/p>\n\n\n\n<p><strong>Ka\u017cdy z uczestnik\u00f3w mo\u017ce wzi\u0105\u0107 udzia\u0142 w 1 wybranej \u015bcie\u017cce szkoleniowej.<\/strong><br>Liczba os\u00f3b w grupie wynosi 10 (w \u015bcie\u017cce A \u2013 12 os.).<br>Szkolenia odbywaj\u0105 si\u0119 w dni robocze, od 9:00 do 16:00, oraz w weekendy.<\/p>\n\n\n\n<p>Prosimy o zapoznanie si\u0119 z\u00a0harmonogramem szkole\u0144<\/p>\n\n\n\n<p><strong>W ramach projektu uczestnikom zapewniamy:<\/strong><\/p>\n\n\n\n<ul class=\"wp-block-list\">\n<li>Analiz\u0119 potrzeb szkoleniowych \u2013 obligatoryjny test bazowych kompetencji IT,<\/li>\n\n\n\n<li>Prowadzenie szkolenia przez wysoko wykwalifikowanego trenera,<\/li>\n\n\n\n<li>Odpowiednio wyposa\u017cone stanowisko szkoleniowe,<\/li>\n\n\n\n<li>Testy wiedzy przed i po szkoleniu (pre- i post-testy)<\/li>\n\n\n\n<li>Materia\u0142y szkoleniowe zgodnie ze standardem realizacji szkolenia,<\/li>\n\n\n\n<li>Artyku\u0142y pomocnicze (d\u0142ugopis, notatnik, teczka z emblematem UE i POKL na ka\u017cde szkolenie w ramach \u015bcie\u017cki),<\/li>\n\n\n\n<li>Za\u015bwiadczenia o uko\u0144czeniu szkole\u0144 (frekwencja min. 80%),<\/li>\n\n\n\n<li>Przyst\u0105pienie do egzaminu certyfikuj\u0105cego \u2013 ka\u017cdy UP ma prawo do jednego podej\u015bcia do egzaminu, dofinansowanego w ramach projektu,<\/li>\n\n\n\n<li>Pocz\u0119stunek \u2013 lunch i serwis kawowy,<\/li>\n\n\n\n<li>Zwrot koszt\u00f3w dojazdu \u2013 do wyczerpania \u015brodk\u00f3w,<\/li>\n\n\n\n<li>Refundacje koszt\u00f3w noclegu \u2013 do wyczerpania \u015brodk\u00f3w,<\/li>\n\n\n\n<li>Certyfikat producenta technologii w przypadku pozytywnego wyniku egzaminu<\/li>\n<\/ul>\n\n\n\n<p><strong>Warunkiem udzia\u0142u w cyklu szkoleniowym jest:<\/strong><\/p>\n\n\n\n<ul class=\"wp-block-list\">\n<li>spe\u0142nienie kryteri\u00f3w uczestnictwa w projekcie,<\/li>\n\n\n\n<li>zapoznanie si\u0119 z\u00a0Regulaminem\u00a0uczestnictwa w projekcie,<\/li>\n\n\n\n<li>zawarcie umowy szkoleniowej pomi\u0119dzy Topas Sp. z o.o. a firm\u0105 deleguj\u0105c\u0105 pracownika lub w\u0142a\u015bcicielem przedsi\u0119biorstwa w przypadku samozatrudnienia,<\/li>\n\n\n\n<li>wype\u0142nienia oraz dostarczenie wszystkich wymaganych dokument\u00f3w rekrutacyjnych.<\/li>\n<\/ul>\n\n\n\n<p><strong>Zapisy:<\/strong><br>Osoby wyra\u017caj\u0105ce ch\u0119\u0107 uczestnictwa w projekcie prosimy o wype\u0142nienie\u00a0karty zg\u0142oszenia<br>i przes\u0142anie jej na adres e-mail: szkolenia@topas.com.pl<\/p>\n\n\n\n<p><strong>Informacja telefoniczna i rekrutacja:<\/strong><br>szkolenia@topas.com.pl<a href=\"https:\/\/web.archive.org\/web\/20220517032043\/mailto:szkolenia.efs@skills-edu.pl\"><br><\/a>tel.:\u00a0<strong>801 044 069<\/strong><\/p>\n","protected":false},"excerpt":{"rendered":"<p>Celem projektu jest zwi\u0119kszenie kwalifikacji w zakresie umiej\u0119tno\u015bci programowania IT 190 specjalist\u00f3w IT, ze 109 przedsi\u0119biorstw z sektora MSP w wojew\u00f3dztwie lubuskim. Okres realizacji projektu:&nbsp;01.06.2013 \u2013&nbsp;31.05.2015 Kto mo\u017ce uczestniczy\u0107 w projekcie: Projekt jest otwarty dla mikro-, ma\u0142ych, \u015brednich przedsi\u0119biorstw, maj\u0105cych &hellip; <a href=\"https:\/\/topas.com.pl\/?page_id=167\">Czytaj dalej <span class=\"meta-nav\">&rarr;<\/span><\/a><\/p>\n","protected":false},"author":1,"featured_media":0,"parent":52,"menu_order":0,"comment_status":"closed","ping_status":"closed","template":"","meta":{"footnotes":""},"class_list":["post-167","page","type-page","status-publish","hentry"],"_links":{"self":[{"href":"https:\/\/topas.com.pl\/index.php?rest_route=\/wp\/v2\/pages\/167","targetHints":{"allow":["GET"]}}],"collection":[{"href":"https:\/\/topas.com.pl\/index.php?rest_route=\/wp\/v2\/pages"}],"about":[{"href":"https:\/\/topas.com.pl\/index.php?rest_route=\/wp\/v2\/types\/page"}],"author":[{"embeddable":true,"href":"https:\/\/topas.com.pl\/index.php?rest_route=\/wp\/v2\/users\/1"}],"replies":[{"embeddable":true,"href":"https:\/\/topas.com.pl\/index.php?rest_route=%2Fwp%2Fv2%2Fcomments&post=167"}],"version-history":[{"count":1,"href":"https:\/\/topas.com.pl\/index.php?rest_route=\/wp\/v2\/pages\/167\/revisions"}],"predecessor-version":[{"id":168,"href":"https:\/\/topas.com.pl\/index.php?rest_route=\/wp\/v2\/pages\/167\/revisions\/168"}],"up":[{"embeddable":true,"href":"https:\/\/topas.com.pl\/index.php?rest_route=\/wp\/v2\/pages\/52"}],"wp:attachment":[{"href":"https:\/\/topas.com.pl\/index.php?rest_route=%2Fwp%2Fv2%2Fmedia&parent=167"}],"curies":[{"name":"wp","href":"https:\/\/api.w.org\/{rel}","templated":true}]}}