{"id":170,"date":"2023-02-03T14:13:42","date_gmt":"2023-02-03T14:13:42","guid":{"rendered":"http:\/\/topas.com.pl\/?page_id=170"},"modified":"2023-02-03T14:13:43","modified_gmt":"2023-02-03T14:13:43","slug":"profesjonalni-malopolscy-programisci-z-certyfikatem","status":"publish","type":"page","link":"https:\/\/topas.com.pl\/?page_id=170","title":{"rendered":"Profesjonalni ma\u0142opolscy programi\u015bci z certyfikatem"},"content":{"rendered":"\n<p>Celem projektu jest wzmocnienie potencja\u0142u rozwojowego 130 ma\u0142opolskich firm z sektora MSP poprzez podniesienie kwalifikacji 180 pracownik\u00f3w tych firm z zakresu wytwarzania oprogramowania.<\/p>\n\n\n\n<p>Okres realizacji projektu:&nbsp;<strong>01.11.2012 \u2013 31.05.2014<\/strong><br><strong>REKRUTACJA DO PROJEKTU ZOSTA\u0141A ZAKO\u0143CZONA!!!<\/strong><\/p>\n\n\n\n<p><strong>Kto mo\u017ce uczestniczy\u0107 w projekcie<\/strong><\/p>\n\n\n\n<p>Projekt otwarty skierowany do os\u00f3b samozatrudnionych oraz do pracownik\u00f3w zatrudnionych na podstawie umowy o prac\u0119 w mikro, ma\u0142ych i \u015brednich przedsi\u0119biorstw prowadz\u0105cych dzia\u0142alno\u015b\u0107 gospodarcz\u0105 na terenie woj. ma\u0142opolskiego (posiadaj\u0105ce tu jednostk\u0119 organizacyjn\u0105), kt\u00f3re do tej pory nie uzyska\u0142y pomocy publicznej\/pomocy de minimis w ramach Poddzia\u0142ania 8.1.1 w zwi\u0105zku z obj\u0119ciem ich wsparciem w&nbsp;ramach projekt\u00f3w szkoleniowych&nbsp;<strong>zamkni\u0119tych<\/strong>, realizowanych w ramach POKL. Uczestnikami projektu mog\u0105 by\u0107 r\u00f3wnie\u017c osoby fizyczne prowadz\u0105ce dzia\u0142alno\u015b\u0107 gospodarcz\u0105.<\/p>\n\n\n\n<p>W projekcie uczestniczy\u0107 b\u0119d\u0105 osoby zajmuj\u0105ce si\u0119 wytwarzaniem oprogramowania (analitycy, programi\u015bci, architekci).<\/p>\n\n\n\n<p><strong>Zakres tematyczny i terminy szkole\u0144<\/strong><\/p>\n\n\n\n<p>Ka\u017cdy uczestnik projektu mo\u017ce skorzysta\u0107 z 1 z 6 \u015bcie\u017cek dost\u0119pnych w projekcie:<br><strong>1. Certyfikowany profesjonalista UML :<\/strong><\/p>\n\n\n\n<ul class=\"wp-block-list\">\n<li>Analiza i modelowanie system\u00f3w IT z wykorzystaniem UML2 (40h)<\/li>\n\n\n\n<li>Warsztat przygotowuj\u0105cy do egzaminu (24h)<\/li>\n<\/ul>\n\n\n\n<p>Egzamin na certyfikat: OMG Certified UML Professional Fundamental<\/p>\n\n\n\n<p><strong>2. Certyfikowany programista Oracle Java:<\/strong><\/p>\n\n\n\n<ul class=\"wp-block-list\">\n<li>Programowanie w J\u0119zyku Java (40h)<\/li>\n\n\n\n<li>Warsztat przygotowuj\u0105cy do egzaminu (24h)<\/li>\n<\/ul>\n\n\n\n<p>Egzamin na certyfikat: Oracle Certified Professional, Java SE Programmer.<\/p>\n\n\n\n<p><strong>3. Certyfikowany programista dost\u0119pu do baz danych<\/strong>:<\/p>\n\n\n\n<ul class=\"wp-block-list\">\n<li>\u00a0MS Visual Studio 2010: Programowanie w C# (40h)<\/li>\n\n\n\n<li>\u00a0Microsoft Visual Studio 2010: Programowanie dost\u0119pu do baz danych (40h)<\/li>\n\n\n\n<li>Warsztat przygotowuj\u0105cy do egzaminu (40h)<\/li>\n<\/ul>\n\n\n\n<p>Egzamin na certyfikat: Microsoft Certified Technology Specialist (MCTS): .NET Framework 4, Data Access<\/p>\n\n\n\n<p><strong>4. Certyfikowany Programista Aplikacji Web:<\/strong><\/p>\n\n\n\n<ul class=\"wp-block-list\">\n<li>\u00a0MS Visual Studio 2010: Programowanie w C# (40h)<\/li>\n\n\n\n<li>\u00a0MS Visual Studio 2010: Wprowadzenie do programowania aplikacji Web (40h)<\/li>\n\n\n\n<li>\u00a0MS Visual Studio 2010: Programowanie aplikacji Web (40h)<\/li>\n\n\n\n<li>Warsztat przygotowuj\u0105cy do egzaminu (40h)<\/li>\n<\/ul>\n\n\n\n<p>Egzamin na certyfikat Microsoft Certified Technology Specialist (MCTS):&nbsp; .NET Framework 4, Web Applications<\/p>\n\n\n\n<p><strong>5. Certyfikowany programista Aplikacji Windows&nbsp;<\/strong>:<\/p>\n\n\n\n<ul class=\"wp-block-list\">\n<li>\u00a0MS Visual Studio 2010: Programowanie w C# (40h)<\/li>\n\n\n\n<li>\u00a0Microsoft Visual Studio 2010: Programowanie aplikacji Windows (40h)<\/li>\n\n\n\n<li>Warsztat przygotowuj\u0105cy do egzaminu (40h)<\/li>\n<\/ul>\n\n\n\n<p>Egzamin na certyfikat: Microsoft Certified Technology Specialist (MCTS): .NET Framework 4, Windows Applications<\/p>\n\n\n\n<p><strong>6. Certyfikowany projektant aplikacji internetowych<\/strong><\/p>\n\n\n\n<ul class=\"wp-block-list\">\n<li>CMS + HTML + CSS \u2013 najlepsza droga do profesjonalnego serwisu WWW (40h)<\/li>\n\n\n\n<li>RD WEB Responsive desing z Adobe Dreamweaver (24h)<\/li>\n\n\n\n<li>Adobe Photoshop \u2013 Obr\u00f3bka cyfrowa zdj\u0119\u0107 i publikowanie w intrenecie (24h)<\/li>\n<\/ul>\n\n\n\n<p>Egzamin na certyfikat: Certyfikowany projektant aplikacji internetowych<\/p>\n\n\n\n<p><strong>Op\u0142aty i wk\u0142ad w\u0142asny<\/strong><br>100% koszt\u00f3w szkole\u0144 finansowanych jest z Europejskiego Funduszu Spo\u0142ecznego w formie pomocy de minimis. Uczestnicy szkole\u0144&nbsp;<strong>nie wnosz\u0105 \u017cadnych op\u0142at<\/strong>.<\/p>\n\n\n\n<p><strong>W ramach projektu uczestnikom zapewniamy:<\/strong><\/p>\n\n\n\n<ul class=\"wp-block-list\">\n<li>analiz\u0119 potrzeb szkoleniowych,<\/li>\n\n\n\n<li>testy kompetencji przed i po szkoleniu,<\/li>\n\n\n\n<li>prowadzenie szkolenia przez wysoko wykwalifikowanego&nbsp;trenera,<\/li>\n\n\n\n<li>odpowiednio wyposa\u017cone stanowisko szkoleniowe,<\/li>\n\n\n\n<li>materia\u0142y edukacyjne (materia\u0142y szkoleniowe, notatnik, d\u0142ugopis),<\/li>\n\n\n\n<li>za\u015bwiadczenie o uko\u0144czeniu szkolenia (przy obecno\u015bci na min. 80% wszystkich zaj\u0119\u0107),<\/li>\n<\/ul>\n\n\n\n<p><strong>LOKALIZACJA<\/strong><\/p>\n\n\n\n<p>Szkolenia realizowane s\u0105 na terenie Krakowa. Biuro projektu mie\u015bci si\u0119 przy ul. Mogilska 65.<\/p>\n\n\n\n<p><strong>Warunkiem udzia\u0142u w cyklu szkoleniowym jest:<\/strong><\/p>\n\n\n\n<ul class=\"wp-block-list\">\n<li>spe\u0142nienie kryteri\u00f3w uczestnictwa w projekcie, zobacz kto mo\u017ce uczestniczy\u0107 w projekcie,<\/li>\n\n\n\n<li>zapoznanie si\u0119 z&nbsp;Regulaminem uczestnictwa w projekcie,<\/li>\n\n\n\n<li>zawarcie umowy szkoleniowej pomi\u0119dzy Topas sp. z o.o. a uczestnikiem,<\/li>\n\n\n\n<li>wype\u0142nienie deklaracji uczestnictwa wraz ze zgod\u0105 na przetwarzanie danych osobowych.<\/li>\n<\/ul>\n\n\n\n<p><strong>Zapisy:<\/strong><br>Osoby wyra\u017caj\u0105ce ch\u0119\u0107 uczestnictwa w projekcie prosimy o wype\u0142nienie Karty zg\u0142oszenia i przes\u0142anie jej na adres e-mail:\u00a0<a href=\"mailto:szkolenia@topas.com.pl\">szkolenia@topas.com.pl<\/a><\/p>\n\n\n\n<p><strong>Informacja telefoniczna i\u00a0 rekrutacja :<\/strong><br>Agnieszka Kowalska<br><a href=\"mailto:szkolenia@topas.com.pl\">szkolenia@topas.com.pl<\/a><br>tel.:\u00a0<strong>801 044 069<\/strong><\/p>\n","protected":false},"excerpt":{"rendered":"<p>Celem projektu jest wzmocnienie potencja\u0142u rozwojowego 130 ma\u0142opolskich firm z sektora MSP poprzez podniesienie kwalifikacji 180 pracownik\u00f3w tych firm z zakresu wytwarzania oprogramowania. Okres realizacji projektu:&nbsp;01.11.2012 \u2013 31.05.2014REKRUTACJA DO PROJEKTU ZOSTA\u0141A ZAKO\u0143CZONA!!! Kto mo\u017ce uczestniczy\u0107 w projekcie Projekt otwarty skierowany &hellip; <a href=\"https:\/\/topas.com.pl\/?page_id=170\">Czytaj dalej <span class=\"meta-nav\">&rarr;<\/span><\/a><\/p>\n","protected":false},"author":1,"featured_media":0,"parent":52,"menu_order":0,"comment_status":"closed","ping_status":"closed","template":"","meta":{"footnotes":""},"class_list":["post-170","page","type-page","status-publish","hentry"],"_links":{"self":[{"href":"https:\/\/topas.com.pl\/index.php?rest_route=\/wp\/v2\/pages\/170","targetHints":{"allow":["GET"]}}],"collection":[{"href":"https:\/\/topas.com.pl\/index.php?rest_route=\/wp\/v2\/pages"}],"about":[{"href":"https:\/\/topas.com.pl\/index.php?rest_route=\/wp\/v2\/types\/page"}],"author":[{"embeddable":true,"href":"https:\/\/topas.com.pl\/index.php?rest_route=\/wp\/v2\/users\/1"}],"replies":[{"embeddable":true,"href":"https:\/\/topas.com.pl\/index.php?rest_route=%2Fwp%2Fv2%2Fcomments&post=170"}],"version-history":[{"count":1,"href":"https:\/\/topas.com.pl\/index.php?rest_route=\/wp\/v2\/pages\/170\/revisions"}],"predecessor-version":[{"id":171,"href":"https:\/\/topas.com.pl\/index.php?rest_route=\/wp\/v2\/pages\/170\/revisions\/171"}],"up":[{"embeddable":true,"href":"https:\/\/topas.com.pl\/index.php?rest_route=\/wp\/v2\/pages\/52"}],"wp:attachment":[{"href":"https:\/\/topas.com.pl\/index.php?rest_route=%2Fwp%2Fv2%2Fmedia&parent=170"}],"curies":[{"name":"wp","href":"https:\/\/api.w.org\/{rel}","templated":true}]}}