{"id":175,"date":"2023-02-03T14:21:09","date_gmt":"2023-02-03T14:21:09","guid":{"rendered":"http:\/\/topas.com.pl\/?page_id=175"},"modified":"2023-02-03T14:21:56","modified_gmt":"2023-02-03T14:21:56","slug":"analiza-modelowanie-programowanie-certyfikowane-kompetencje-pracownikow-mazowieckich-msp-w-sektorze-br","status":"publish","type":"page","link":"https:\/\/topas.com.pl\/?page_id=175","title":{"rendered":"Analiza \u2013 modelowanie \u2013 programowanie certyfikowane kompetencje pracownik\u00f3w mazowieckich MSP w sektorze B+R"},"content":{"rendered":"\n<p>Celem projektu&nbsp; jest podniesienie potencja\u0142u 103 mikro, ma\u0142ych i \u015brednich mazowieckich przedsi\u0119biorstw z bran\u017cy B+R niekorzystaj\u0105cych z projekt\u00f3w szkoleniowych z Poddzia\u0142ania 8.1.1 (realizowanych w ramach konkurs\u00f3w og\u0142oszonych w wojew\u00f3dztwie mazowieckim w latach 2007-2011) poprzez dostosowanie kwalifikacji ich 200 pracownik\u00f3w (w tym 15% kobiet oraz 50% os\u00f3b z wykszta\u0142ceniem co najwy\u017cej \u015brednim) do potrzeb przedsi\u0119biorstw do VI 2015 roku.<\/p>\n\n\n\n<p>Okres realizacji projektu: 01.01.2014 \u2013 30.06.2015<\/p>\n\n\n\n<p><strong>KTO MO\u017bE UCZESTNICZY\u0106 W PROJEKCIE<\/strong><\/p>\n\n\n\n<p>Projekt jest skierowany do mazowieckich mikro, ma\u0142ych i \u015brednich przedsi\u0119biorstw&nbsp; z bran\u017cy badawczo \u2013 rozwojowej niekorzystaj\u0105cych dot\u0105d ze wsparcia szkoleniowego z Poddzia\u0142ania 8.1.1 (konkursy og\u0142oszone w wojew\u00f3dztwie mazowieckim w latach 2007-2011).<\/p>\n\n\n\n<p>W szkoleniach mog\u0105 bra\u0107 udzia\u0142 osoby samozatrudnione, w\u0142a\u015bciciele przedsi\u0119biorstw oraz ich pracownicy (umowa o prac\u0119 lub umowa cywilno-prawna) pracuj\u0105cy lub mieszkaj\u0105cy w wojew\u00f3dztwie mazowieckim. Uczestnicy projektu to osoby zatrudnione lub przygotowuj\u0105ce si\u0119 do pracy na stanowiskach: projektant oprogramowania; analityk\/ architekt system\u00f3w IT. 50% uczestnik\u00f3w projektu to osoby z wykszta\u0142ceniem co najwy\u017cej \u015brednim.<\/p>\n\n\n\n<p><strong>ZAKRES TEMATYCZNY I TERMINY SZKOLE\u0143<\/strong><\/p>\n\n\n\n<p>Zapraszamy do udzia\u0142u w nast\u0119puj\u0105cych \u015bcie\u017ckach:<\/p>\n\n\n\n<p><strong>A: Certyfikowany Profesjonalista UML<\/strong><\/p>\n\n\n\n<ul class=\"wp-block-list\">\n<li>Analiza i modelowanie system\u00f3w IT z wykorzystaniem UML2&nbsp;(5 dni)<\/li>\n\n\n\n<li>Warsztat przygotowuj\u0105cy do egzaminu OMG UML<a href=\"https:\/\/web.archive.org\/web\/20220708131405\/https:\/\/topas.com.pl\/uploads\/2014\/05\/OCUP-F-TOPSOFT.pdf\">&nbsp;<\/a>(3 dni)<\/li>\n<\/ul>\n\n\n\n<p>Pozytywny wynik egzaminu umo\u017cliwia uzyskanie certyfikatu&nbsp;<strong>OMG Certified UML Professional Fund.<\/strong><\/p>\n\n\n\n<p><strong>B: Certyfikowany Programista Oracle Java<\/strong><\/p>\n\n\n\n<ul class=\"wp-block-list\">\n<li>Programowanie w J\u0119zyku Java&nbsp;(5 dni)<\/li>\n\n\n\n<li>Warsztat przygotowuj\u0105cy do egzaminu OCJP&nbsp;(3 dni)<\/li>\n<\/ul>\n\n\n\n<p>Pozytywny wynik egzaminu umo\u017cliwia uzyskanie certyfikatu&nbsp;<strong>Oracle Certified Programmer for Java<\/strong><\/p>\n\n\n\n<p><strong>C: Certyfikowany Programista Aplikacji Bazodanowych<\/strong><\/p>\n\n\n\n<ul class=\"wp-block-list\">\n<li>MS Visual Studio 2010: Programowanie w C#&nbsp;(5 dni)<\/li>\n\n\n\n<li>&nbsp;MS Visual Studio 2010: Programowanie dost\u0119pu do baz danych&nbsp;(5 dni)<\/li>\n\n\n\n<li>Warsztat przygotowuj\u0105cy do egzaminu&nbsp;(5 dni)<\/li>\n<\/ul>\n\n\n\n<p>Pozytywny wynik egzaminu umo\u017cliwia uzyskanie certyfikatu&nbsp;<strong>MCTS: NET Framework 4. Data Access<\/strong><\/p>\n\n\n\n<p><strong>D: Certyfikowany Programista Aplikacji WEB<\/strong><\/p>\n\n\n\n<ul class=\"wp-block-list\">\n<li>MS Visual Studio 2010: Programowanie w C#&nbsp;(5 dni)<\/li>\n\n\n\n<li>MS Visual Studio 2010: Wprowadzenie do programowania aplikacji Web&nbsp;( 5dni)<\/li>\n\n\n\n<li>MS Visual Studio 2010: Programowanie aplikacji Web&nbsp;(5 dni)<\/li>\n\n\n\n<li>Warsztat przygotowuj\u0105cy do egzaminu&nbsp;(5 dni)<\/li>\n<\/ul>\n\n\n\n<p>Pozytywny wynik egzaminu umo\u017cliwia uzyskanie certyfikatu: MCTS:&nbsp;<strong>NET Framework 4, Web Applications<\/strong><\/p>\n\n\n\n<p><strong>E: Certyfikowany Programista Aplikacji Windows<\/strong><\/p>\n\n\n\n<ul class=\"wp-block-list\">\n<li>MS Visual Studio 2010: Programowanie w C#&nbsp;(5 dni)<\/li>\n\n\n\n<li>MS Visual Studio 2010: Programowanie aplikacji Windows&nbsp;(5 dni)<\/li>\n\n\n\n<li>Warsztat przygotowuj\u0105cy do egzaminu&nbsp;(5 dni)<\/li>\n<\/ul>\n\n\n\n<p>Pozytywny wynik egzaminu umo\u017cliwia uzyskanie certyfikatu:&nbsp;<strong>MCTS: NET Framework 4, Windows Applications<\/strong><\/p>\n\n\n\n<p>Terminy szkole\u0144 s\u0105 podane w&nbsp;harmonogramie szkole\u0144<\/p>\n\n\n\n<p>Szkolenia odbywaj\u0105 si\u0119 w dni robocze lub w weekendy w godzinach 9 \u2013 16 w Warszawie. <\/p>\n\n\n\n<p><strong>OP\u0141ATY\/WK\u0141AD W\u0141ASNY<\/strong><br>Koszt udzia\u0142u w szkoleniach oraz egzaminach jest w 100% dofinansowany przez Europejski Fundusz Spo\u0142eczny. Uczestnicy szkole\u0144 nie wnosz\u0105&nbsp;<strong>\u017cadnych op\u0142at<\/strong>.<\/p>\n\n\n\n<p><strong>W RAMACH PROJEKTU UCZESTNIKOM ZAPEWNIAMY<\/strong><\/p>\n\n\n\n<ul class=\"wp-block-list\">\n<li>weryfikacj\u0119 kompetencji bazowych IT,<\/li>\n\n\n\n<li>analiz\u0119 potrzeb szkoleniowych,<\/li>\n\n\n\n<li>testy wiedzy przed i po szkoleniu (pre- i post- testy),<\/li>\n\n\n\n<li>odpowiednio wyposa\u017cone stanowisko szkoleniowe,<\/li>\n\n\n\n<li>prowadzenie szkole\u0144 i warsztat\u00f3w przez wysoko wykwalifikowanego trenera,<\/li>\n\n\n\n<li>profesjonalne materia\u0142y szkoleniowe,<\/li>\n\n\n\n<li>artyku\u0142y pomocnicze (notes, d\u0142ugopis, o\u0142\u00f3wek, teczka),<\/li>\n\n\n\n<li>pocz\u0119stunek (serwis kawowy + lunch),<\/li>\n\n\n\n<li>bezp\u0142atny nocleg \u2013 do wyczerpania \u015brodk\u00f3w,<\/li>\n\n\n\n<li>\u015bwiadectwo uczestnictwa (przy obecno\u015bci na min. 80% zaj\u0119\u0107)<\/li>\n\n\n\n<li>certyfikat potwierdzaj\u0105cy zdanie egzaminu w przypadku uzyskania pozytywnego wyniku egzaminu.<\/li>\n<\/ul>\n\n\n\n<p><strong>WARUNKIEM UDZIA\u0141U W CYKLU SZKOLENIOWYM JEST:<\/strong><\/p>\n\n\n\n<ul class=\"wp-block-list\">\n<li>spe\u0142nienie kryteri\u00f3w uczestnictwa w projekcie,<\/li>\n\n\n\n<li>zapoznanie si\u0119 z Regulaminem uczestnictwa w projekcie ,<\/li>\n\n\n\n<li>zawarcie umowy szkoleniowej pomi\u0119dzy Topas Sp. z o.o. a firm\u0105 deleguj\u0105c\u0105,<\/li>\n\n\n\n<li>pracownika lub w\u0142a\u015bcicielem przedsi\u0119biorstwa w przypadku samozatrudnienia,<\/li>\n\n\n\n<li>wype\u0142nienia oraz dostarczenie wszystkich wymaganych dokument\u00f3w rekrutacyjnych.<\/li>\n<\/ul>\n\n\n\n<p><strong>Zapisy:<\/strong><br>Osoby wyra\u017caj\u0105ce ch\u0119\u0107 uczestnictwa w projekcie prosimy o wype\u0142nienie&nbsp;karty zg\u0142oszenia<br>i przes\u0142anie jej na adres e-mail:<br><a href=\"mailto:szkolenia@topas.com.pl\">szkolenia@topas.com.pl<\/a><\/p>\n\n\n\n<p><strong>Informacja telefoniczna<br>i rekrutacja :<\/strong><br><a href=\"mailto:szkolenia@topas.com.pl\">szkolenia@topas.com.pl<\/a> <br>Infolinia:801 044 069<\/p>\n","protected":false},"excerpt":{"rendered":"<p>Celem projektu&nbsp; jest podniesienie potencja\u0142u 103 mikro, ma\u0142ych i \u015brednich mazowieckich przedsi\u0119biorstw z bran\u017cy B+R niekorzystaj\u0105cych z projekt\u00f3w szkoleniowych z Poddzia\u0142ania 8.1.1 (realizowanych w ramach konkurs\u00f3w og\u0142oszonych w wojew\u00f3dztwie mazowieckim w latach 2007-2011) poprzez dostosowanie kwalifikacji ich 200 pracownik\u00f3w (w &hellip; <a href=\"https:\/\/topas.com.pl\/?page_id=175\">Czytaj dalej <span class=\"meta-nav\">&rarr;<\/span><\/a><\/p>\n","protected":false},"author":1,"featured_media":0,"parent":52,"menu_order":0,"comment_status":"closed","ping_status":"closed","template":"","meta":{"footnotes":""},"class_list":["post-175","page","type-page","status-publish","hentry"],"_links":{"self":[{"href":"https:\/\/topas.com.pl\/index.php?rest_route=\/wp\/v2\/pages\/175","targetHints":{"allow":["GET"]}}],"collection":[{"href":"https:\/\/topas.com.pl\/index.php?rest_route=\/wp\/v2\/pages"}],"about":[{"href":"https:\/\/topas.com.pl\/index.php?rest_route=\/wp\/v2\/types\/page"}],"author":[{"embeddable":true,"href":"https:\/\/topas.com.pl\/index.php?rest_route=\/wp\/v2\/users\/1"}],"replies":[{"embeddable":true,"href":"https:\/\/topas.com.pl\/index.php?rest_route=%2Fwp%2Fv2%2Fcomments&post=175"}],"version-history":[{"count":2,"href":"https:\/\/topas.com.pl\/index.php?rest_route=\/wp\/v2\/pages\/175\/revisions"}],"predecessor-version":[{"id":179,"href":"https:\/\/topas.com.pl\/index.php?rest_route=\/wp\/v2\/pages\/175\/revisions\/179"}],"up":[{"embeddable":true,"href":"https:\/\/topas.com.pl\/index.php?rest_route=\/wp\/v2\/pages\/52"}],"wp:attachment":[{"href":"https:\/\/topas.com.pl\/index.php?rest_route=%2Fwp%2Fv2%2Fmedia&parent=175"}],"curies":[{"name":"wp","href":"https:\/\/api.w.org\/{rel}","templated":true}]}}