{"id":181,"date":"2023-02-03T14:26:24","date_gmt":"2023-02-03T14:26:24","guid":{"rendered":"http:\/\/topas.com.pl\/?page_id=181"},"modified":"2023-02-03T14:26:25","modified_gmt":"2023-02-03T14:26:25","slug":"profesjonalni-podkarpaccy-programisci-z-certyfikatem","status":"publish","type":"page","link":"https:\/\/topas.com.pl\/?page_id=181","title":{"rendered":"Profesjonalni podkarpaccy programi\u015bci z certyfikatem"},"content":{"rendered":"\n<p><strong>We\u017a udzia\u0142 w bezp\u0142atnych szkoleniach i odbierz tablet Samsung Galaxy Tab 3 LITE<\/strong><\/p>\n\n\n\n<p><strong>Prosimy o zapoznanie si\u0119 z regulaminem promocji<\/strong>.<\/p>\n\n\n\n<p>Celem projektu jest wzmocnienie potencja\u0142u rozwojowego 103 podkarpackich firm z sektora MSP poprzez podniesienie kwalifikacji 160 pracownik\u00f3w tych firm z zakresu wytwarzania oprogramowania.<\/p>\n\n\n\n<p>Okres realizacji projektu:&nbsp;<strong>01.08.2013 \u2013 31.06.2015<\/strong><br><strong>Kto mo\u017ce uczestniczy\u0107 w projekcie<\/strong><\/p>\n\n\n\n<p>Projekt otwarty, dla samozatrudnionych\/mikro, ma\u0142ych &nbsp;i \u015brednich &nbsp;przedsi\u0119biorstw maj\u0105cych siedzib\u0119 lub oddzia\u0142 na terenie woj. podkarpackiego oraz ich pracownicy, zatrudnieni na umow\u0119 o prac\u0119, pracuj\u0105cy lub zamieszkuj\u0105cy na terenie woj. podkarpackiego. Uczestnicy projektu to pracownicy zatrudnieni na stanowiskach informatycznych [analitycy, architekci, programi\u015bci]&nbsp;<strong>posiadaj\u0105ce kody PKD z sekcji J.<\/strong>&nbsp; Uczestnikami projektu mog\u0105 by\u0107 r\u00f3wnie\u017c osoby fizyczne prowadz\u0105ce dzia\u0142alno\u015b\u0107 gospodarcz\u0105.<\/p>\n\n\n\n<p><strong>Zakres tematyczny i terminy szkole\u0144<\/strong><\/p>\n\n\n\n<p>Ka\u017cdy uczestnik projektu mo\u017ce skorzysta\u0107 z 1 \u015bcie\u017cki dost\u0119pnej w projekcie:<\/p>\n\n\n\n<p><strong>1. Certyfikowany Programista dost\u0119pu&nbsp; do baz:<\/strong><\/p>\n\n\n\n<ul class=\"wp-block-list\">\n<li>IMS Visual Studio2010: Programowanie w C#- 40h<\/li>\n\n\n\n<li>Programowanie dost\u0119pu do baz danych- 40h<\/li>\n\n\n\n<li>IMS Visual Studio2010: Programowanie w C#- 40h<\/li>\n<\/ul>\n\n\n\n<p><strong>Egzamin i certyfikat<\/strong>&nbsp;: Microsoft Certified Technology Specialist (MCTS): Microsoft.NET Framework 4, Data Access<\/p>\n\n\n\n<p><strong>2. Certyfikowany Programista Aplikacji Web:<\/strong><\/p>\n\n\n\n<ul class=\"wp-block-list\">\n<li>MS Visual Studio2010: Programowanie w C# \u2013 40h<\/li>\n\n\n\n<li>Wprowadzenie do programowania aplikacji Web- 40h<\/li>\n\n\n\n<li>Programowanie aplikacji Web- 40h<\/li>\n\n\n\n<li>Warsztat przygotowuj\u0105cy do egzaminu- 40h<\/li>\n<\/ul>\n\n\n\n<p><strong>Egzamin I certyfikat:<\/strong>&nbsp;MCTS: Microsoft .NET Framework 4, Web Applications<\/p>\n\n\n\n<p><strong>3: Certyfikowany Programista Aplikacji Windows<\/strong><\/p>\n\n\n\n<ul class=\"wp-block-list\">\n<li>MS Visual Studio2010: Programowanie w C#<\/li>\n\n\n\n<li>Programowanie aplikacji Windows<\/li>\n\n\n\n<li>Warsztat przygotowuj\u0105cy do egzaminu<\/li>\n<\/ul>\n\n\n\n<p>Egzamin i certyfikat: MCTS: Microsoft .NET Framework 4, Windows Applications<\/p>\n\n\n\n<p><strong>4: Ceryfikowany Progamista Aplikacji Rozproszonych<\/strong><\/p>\n\n\n\n<ul class=\"wp-block-list\">\n<li>MS Visual Studio2010: Programowanie w C#<\/li>\n\n\n\n<li>Programowanie rozwi\u0105za\u0144 WCF<\/li>\n\n\n\n<li>Warsztat przygotowuj\u0105cy do egz.<\/li>\n<\/ul>\n\n\n\n<p>Egzamin i certyfikat.: MCTS: Microsoft .NET Framework 4, Service Communication Applications<\/p>\n\n\n\n<p><strong>5.&nbsp;Certyfikowany Specjalista \u2013 Bazy danych i zarz\u0105dzanie informacj\u0105:<\/strong><\/p>\n\n\n\n<ul class=\"wp-block-list\">\n<li>Arkusz kalkulacyjny jako podstawowe narz\u0119dzie bazodanowe \u2013 16h<\/li>\n\n\n\n<li>Zaawansowane narz\u0119dzia bazodanowe w arkuszu kalkulacyjnym \u2013 24h<\/li>\n\n\n\n<li>Arkusz kalkulacyjny \u2013 narz\u0119dzie programisty baz danych \u2013 32h<\/li>\n\n\n\n<li>Tworzenie i administrowanie systemem raportowym w oparciu o PowerPivot i wielkie zbiory danych \u2013 16h<\/li>\n<\/ul>\n\n\n\n<p><strong>Egzamin i certyfikat:&nbsp;<\/strong>European Computer Competence Certificate IT M3 Poziom B<\/p>\n\n\n\n<p><strong>Op\u0142aty i wk\u0142ad w\u0142asny<\/strong><br>100% koszt\u00f3w szkole\u0144 finansowanych jest z Europejskiego Funduszu Spo\u0142ecznego w formie pomocy de minimis. Uczestnicy szkole\u0144&nbsp;<strong>nie wnosz\u0105 \u017cadnych op\u0142at<\/strong>.<\/p>\n\n\n\n<p>Prosimy o zapoznanie si\u0119 z\u00a0harmonogramem szkole\u0144.<\/p>\n\n\n\n<p><strong>W ramach projektu uczestnikom zapewniamy:<\/strong><\/p>\n\n\n\n<ul class=\"wp-block-list\">\n<li>analiz\u0119 potrzeb szkoleniowych<\/li>\n\n\n\n<li>prowadzenie szkolenia przez wysoko wykwalifikowanego&nbsp;trenera,<\/li>\n\n\n\n<li>odpowiednio wyposa\u017cone stanowisko szkoleniowe,<\/li>\n\n\n\n<li>przyst\u0105pienie do egzaminu<\/li>\n\n\n\n<li>materia\u0142y pomocnicze (materia\u0142y szkoleniowe, notatnik, d\u0142ugopis, pendrive),<\/li>\n\n\n\n<li>testy wiedzy przed i po szkoleniu (pre- i post- testy),<\/li>\n\n\n\n<li>\u015bwiadectwo uczestnictwa ( przy obecno\u015bci na min. 80% zaj\u0119\u0107),<\/li>\n\n\n\n<li>obiad i 2 przerwy kawowe w ci\u0105gu dnia.<\/li>\n\n\n\n<li>w ramach projektu przewiduje si\u0119&nbsp;<strong>refundacj\u0119 nocleg\u00f3w dla cz\u0119\u015bci (ok 25%)<\/strong>&nbsp;uczestnik\u00f3w oraz&nbsp;<strong>koszt\u00f3w dojazd\u00f3w dla ok 40%<\/strong>&nbsp;uczestnik\u00f3w.<\/li>\n<\/ul>\n\n\n\n<p><strong>LOKALIZACJA<\/strong><\/p>\n\n\n\n<p>Szkolenia &nbsp;odbywaj\u0105 &nbsp;si\u0119&nbsp; &nbsp;w &nbsp;ci\u0105gu &nbsp;tygodnia &nbsp;oraz &nbsp;w &nbsp;weekendy &nbsp;w &nbsp;godzinach &nbsp;9.00 &nbsp;\u2013 &nbsp;16.00 &nbsp;w &nbsp;O\u015brodku w Rzeszowie. Biuro projektu mie\u015bci si\u0119 na ul. \u015aniadeckich 5, 35-006 Rzesz\u00f3w .<\/p>\n\n\n\n<p>Grupy szkoleniowe b\u0119d\u0105 liczy\u0142y 10 os\u00f3b.<\/p>\n\n\n\n<p><strong>Warunkiem udzia\u0142u w cyklu szkoleniowym jest:<\/strong><\/p>\n\n\n\n<ul class=\"wp-block-list\">\n<li>spe\u0142nienie kryteri\u00f3w uczestnictwa w projekcie, zobacz kto mo\u017ce uczestniczy\u0107 w projekcie,<\/li>\n\n\n\n<li>zapoznanie si\u0119 z Regulaminem uczestnictwa w projekcie,<\/li>\n\n\n\n<li>zawarcie umowy szkoleniowej pomi\u0119dzy Topas sp. z o.o. a uczestnikiem,<\/li>\n\n\n\n<li>wype\u0142nienie deklaracji uczestnictwa wraz ze zgod\u0105 na przetwarzanie danych osobowych.<\/li>\n<\/ul>\n\n\n\n<p><strong>Zapisy:<\/strong><br>Osoby wyra\u017caj\u0105ce ch\u0119\u0107 uczestnictwa w projekcie prosimy o wype\u0142nienie\u00a0karty zg\u0142oszenia<br>i przes\u0142anie jej na adres e-mail:<br>szkolenia@topas.com.pl<br><strong>Kontakt:<\/strong><br><strong>801 044 069<\/strong><\/p>\n","protected":false},"excerpt":{"rendered":"<p>We\u017a udzia\u0142 w bezp\u0142atnych szkoleniach i odbierz tablet Samsung Galaxy Tab 3 LITE Prosimy o zapoznanie si\u0119 z regulaminem promocji. Celem projektu jest wzmocnienie potencja\u0142u rozwojowego 103 podkarpackich firm z sektora MSP poprzez podniesienie kwalifikacji 160 pracownik\u00f3w tych firm z &hellip; <a href=\"https:\/\/topas.com.pl\/?page_id=181\">Czytaj dalej <span class=\"meta-nav\">&rarr;<\/span><\/a><\/p>\n","protected":false},"author":1,"featured_media":0,"parent":52,"menu_order":0,"comment_status":"closed","ping_status":"closed","template":"","meta":{"footnotes":""},"class_list":["post-181","page","type-page","status-publish","hentry"],"_links":{"self":[{"href":"https:\/\/topas.com.pl\/index.php?rest_route=\/wp\/v2\/pages\/181","targetHints":{"allow":["GET"]}}],"collection":[{"href":"https:\/\/topas.com.pl\/index.php?rest_route=\/wp\/v2\/pages"}],"about":[{"href":"https:\/\/topas.com.pl\/index.php?rest_route=\/wp\/v2\/types\/page"}],"author":[{"embeddable":true,"href":"https:\/\/topas.com.pl\/index.php?rest_route=\/wp\/v2\/users\/1"}],"replies":[{"embeddable":true,"href":"https:\/\/topas.com.pl\/index.php?rest_route=%2Fwp%2Fv2%2Fcomments&post=181"}],"version-history":[{"count":1,"href":"https:\/\/topas.com.pl\/index.php?rest_route=\/wp\/v2\/pages\/181\/revisions"}],"predecessor-version":[{"id":182,"href":"https:\/\/topas.com.pl\/index.php?rest_route=\/wp\/v2\/pages\/181\/revisions\/182"}],"up":[{"embeddable":true,"href":"https:\/\/topas.com.pl\/index.php?rest_route=\/wp\/v2\/pages\/52"}],"wp:attachment":[{"href":"https:\/\/topas.com.pl\/index.php?rest_route=%2Fwp%2Fv2%2Fmedia&parent=181"}],"curies":[{"name":"wp","href":"https:\/\/api.w.org\/{rel}","templated":true}]}}