{"id":49,"date":"2023-01-23T14:26:55","date_gmt":"2023-01-23T14:26:55","guid":{"rendered":"http:\/\/topas.com.pl\/?page_id=49"},"modified":"2023-01-26T13:14:47","modified_gmt":"2023-01-26T13:14:47","slug":"oferta","status":"publish","type":"page","link":"https:\/\/topas.com.pl\/?page_id=49","title":{"rendered":"OFERTA"},"content":{"rendered":"\n<p><strong>Szkolenia autorskie i autoryzowane:<\/strong><\/p>\n\n\n\n<ul class=\"wp-block-list\">\n<li>zarz\u0105dzanie projektami<\/li>\n\n\n\n<li>analiza proces\u00f3w biznesowych<\/li>\n\n\n\n<li>obs\u0142uga aplikacji biurowych i innych biurowych aplikacji u\u017cytkowych<\/li>\n\n\n\n<li>programowanie, eksploatacja system\u00f3w IT i zarz\u0105dzanie infrastruktur\u0105 informatyczn\u0105<\/li>\n<\/ul>\n\n\n\n<p><strong>Szkolenia z kompetencji \u201emi\u0119kkich\u201d:<\/strong><\/p>\n\n\n\n<ul class=\"wp-block-list\">\n<li>managerskie<\/li>\n\n\n\n<li>sprzeda\u017cowe<\/li>\n\n\n\n<li>osobiste i biznesowe<\/li>\n<\/ul>\n\n\n\n<p><strong>Analiza potrzeb szkoleniowych<\/strong><\/p>\n\n\n\n<ul class=\"wp-block-list\">\n<li>opis kompetencyjny stanowisk, ocena aktualnej wiedzy przysz\u0142ych uczestnik\u00f3w szkole\u0144<\/li>\n\n\n\n<li>wyznaczenie zada\u0144 szkoleniowych<\/li>\n\n\n\n<li>analiza \u015brodowiska informatycznego firmy<\/li>\n\n\n\n<li>raport potrzeb edukacyjnych<\/li>\n<\/ul>\n\n\n\n<p><strong>Realizacja projekt\u00f3w edukacyjnych:<\/strong><\/p>\n\n\n\n<ul class=\"wp-block-list\">\n<li>analiza potrzeb szkoleniowych<\/li>\n\n\n\n<li>szkolenia dostosowane do potrzeb klient\u00f3w, z mo\u017cliwo\u015bci\u0105 przeprowadzenia szkole\u0144 pilota\u017cowych<\/li>\n\n\n\n<li>testy sprawdzaj\u0105ce i egzaminy ko\u0144cowe<\/li>\n\n\n\n<li>zaawansowana ewaluacja: raporty z uczestnictwa w szkoleniu i okre\u015blenie stopnia realizacji za\u0142o\u017conych cel\u00f3w szkolenia<\/li>\n<\/ul>\n","protected":false},"excerpt":{"rendered":"<p>Szkolenia autorskie i autoryzowane: Szkolenia z kompetencji \u201emi\u0119kkich\u201d: Analiza potrzeb szkoleniowych Realizacja projekt\u00f3w edukacyjnych:<\/p>\n","protected":false},"author":1,"featured_media":0,"parent":0,"menu_order":0,"comment_status":"closed","ping_status":"closed","template":"","meta":{"footnotes":""},"class_list":["post-49","page","type-page","status-publish","hentry"],"_links":{"self":[{"href":"https:\/\/topas.com.pl\/index.php?rest_route=\/wp\/v2\/pages\/49","targetHints":{"allow":["GET"]}}],"collection":[{"href":"https:\/\/topas.com.pl\/index.php?rest_route=\/wp\/v2\/pages"}],"about":[{"href":"https:\/\/topas.com.pl\/index.php?rest_route=\/wp\/v2\/types\/page"}],"author":[{"embeddable":true,"href":"https:\/\/topas.com.pl\/index.php?rest_route=\/wp\/v2\/users\/1"}],"replies":[{"embeddable":true,"href":"https:\/\/topas.com.pl\/index.php?rest_route=%2Fwp%2Fv2%2Fcomments&post=49"}],"version-history":[{"count":3,"href":"https:\/\/topas.com.pl\/index.php?rest_route=\/wp\/v2\/pages\/49\/revisions"}],"predecessor-version":[{"id":72,"href":"https:\/\/topas.com.pl\/index.php?rest_route=\/wp\/v2\/pages\/49\/revisions\/72"}],"wp:attachment":[{"href":"https:\/\/topas.com.pl\/index.php?rest_route=%2Fwp%2Fv2%2Fmedia&parent=49"}],"curies":[{"name":"wp","href":"https:\/\/api.w.org\/{rel}","templated":true}]}}