{"id":52,"date":"2023-01-23T14:27:51","date_gmt":"2023-01-23T14:27:51","guid":{"rendered":"http:\/\/topas.com.pl\/?page_id=52"},"modified":"2023-02-03T14:43:35","modified_gmt":"2023-02-03T14:43:35","slug":"projekty","status":"publish","type":"page","link":"https:\/\/topas.com.pl\/?page_id=52","title":{"rendered":"PROJEKTY"},"content":{"rendered":"\n<p><strong>PROJEKTY ZREALIZOWANE<\/strong><\/p>\n\n\n\n<p><strong>w wojew\u00f3dztwie mazowieckim<\/strong><\/p>\n\n\n\n<p><a href=\"https:\/\/topas.com.pl\/?page_id=78\">\u2013 Prace rozwojowe w celu stworzenia innowacyjnej us\u0142ugi wspomagaj\u0105cej zarz\u0105dzanie kompetencjami poznawczymi w przedsi\u0119biorstwach<\/a><\/p>\n\n\n\n<p><a href=\"https:\/\/topas.com.pl\/?page_id=82\">\u2013 Innowacyjne us\u0142ugi dzi\u0119ki badaniom nad zastosowaniem biofeedbacku<br>w wojew\u00f3dztwie zachodniopomorskim<\/a><\/p>\n\n\n\n<p><strong>w wojew\u00f3dztwie zachodniopomorskim<\/strong><\/p>\n\n\n\n<p><a href=\"https:\/\/topas.com.pl\/?page_id=86\">\u2013 Zachodniopomorska Akademia Programistyczna<br><\/a><a href=\"https:\/\/topas.com.pl\/?page_id=105\">\u2013 WEB nie od parady \u2013 profesjonalni tw\u00f3rcy serwis\u00f3w internetowych w mikro i ma\u0142ych przedsi\u0119biorstwach ICT woj. zachodniopomorskiego<br><\/a><a href=\"https:\/\/topas.com.pl\/?page_id=112\">\u2013 Certyfikowani administratorzy IT dla MMP ICT w woj. zachodniopomorskim<br><\/a><a href=\"https:\/\/topas.com.pl\/?page_id=119\">\u2013 Szansza dla ICT<\/a><\/p>\n\n\n\n<p><strong>w wojew\u00f3dztwie dolno\u015bl\u0105skim<\/strong><\/p>\n\n\n\n<p><a href=\"https:\/\/topas.com.pl\/?page_id=122\">\u2013 Certyfikowane kompetencje dolno\u015bl\u0105skich kadr ICT<br><\/a><a href=\"https:\/\/topas.com.pl\/?page_id=133\">\u2013 Biznes bazuje na informatyce<\/a><\/p>\n\n\n\n<p><strong>w wojew\u00f3dztwie wielkopolskim<\/strong><\/p>\n\n\n\n<p><a href=\"https:\/\/topas.com.pl\/?page_id=136\">\u2013 Skonfigurowani administratorzy w MMSP bran\u017cy ICT w Wielkopolsce<\/a><\/p>\n\n\n\n<p><strong>w wojew\u00f3dztwie \u015bl\u0105skim<br><\/strong><a href=\"https:\/\/topas.com.pl\/?page_id=141\">\u2013 Mikroprzedsi\u0119biorstwa ICT wsparciem \u015bl\u0105skiego biznesu<br><\/a><a href=\"https:\/\/topas.com.pl\/?page_id=144\">\u2013 Baza Biznesu<br><\/a><a href=\"https:\/\/topas.com.pl\/?page_id=147\">\u2013 Profesjonalni programi\u015bci w MSP ICT woj. \u015bl\u0105skiego<\/a><\/p>\n\n\n\n<p><strong>projekty og\u00f3lnopolskie<br><\/strong><a href=\"https:\/\/topas.com.pl\/?page_id=151\">\u2013 Zielone \u015bwiat\u0142o dla MSP<br><\/a><a href=\"https:\/\/topas.com.pl\/?page_id=154\">\u2013 Ekozarz\u0105dzanie \u2013 o \u015brodowisku metodycznie<\/a><\/p>\n\n\n\n<p><\/p>\n\n\n\n<p>Zbiorcza lista zrealizowanych projekt\u00f3w:<\/p>\n\n\n\n<ul class=\"wp-block-list\">\n<li><a href=\"https:\/\/topas.com.pl\/?page_id=78\">Prace rozwojowe w celu stworzenia innowacyjnej us\u0142ugi wspomagaj\u0105cej<br>zarz\u0105dzanie kompetencjami poznawczymi w przedsi\u0119biorstwach<\/a><\/li>\n\n\n\n<li><a href=\"https:\/\/topas.com.pl\/?page_id=82\">Innowacyjne us\u0142ugi dzi\u0119ki badaniom nad zastosowaniem biofeedbacku<\/a><\/li>\n\n\n\n<li><a href=\"https:\/\/topas.com.pl\/?page_id=163\">Profesjonalna grafika i strony WWW w \u015bwi\u0119tokrzyskich M\u015aP<\/a><\/li>\n\n\n\n<li><a href=\"https:\/\/topas.com.pl\/?page_id=151\">Zielone \u015bwiat\u0142o dla MSP<\/a><\/li>\n\n\n\n<li><a href=\"https:\/\/topas.com.pl\/?page_id=133\">Biznes bazuje na informatyce<\/a><\/li>\n\n\n\n<li><a href=\"https:\/\/topas.com.pl\/?page_id=141\">Mikroprzedsi\u0119biorstwa ICT wsparciem \u015bl\u0105skiego biznesu<\/a><\/li>\n\n\n\n<li><a href=\"https:\/\/topas.com.pl\/?page_id=122\">Certyfikowane kompetencje dolno\u015bl\u0105skich kadr ICT<\/a><\/li>\n\n\n\n<li><a href=\"https:\/\/topas.com.pl\/?page_id=167\">Certyfikowani Programi\u015bci MSP wsparciem lubuskiego biznesu<\/a><\/li>\n\n\n\n<li><a href=\"https:\/\/topas.com.pl\/?page_id=170\">Profesjonalni ma\u0142opolscy programi\u015bci z certyfikatem<\/a><\/li>\n\n\n\n<li><a href=\"https:\/\/topas.com.pl\/?page_id=147\">Profesjonalni programi\u015bci w MSP ICT woj. \u015bl\u0105skiego<\/a><\/li>\n\n\n\n<li><a href=\"https:\/\/topas.com.pl\/?page_id=105\">WEB nie od parady \u2013 profesjonalni tw\u00f3rcy serwis\u00f3w internetowych<\/a><\/li>\n\n\n\n<li><a href=\"https:\/\/topas.com.pl\/?page_id=172\">Zwinnie-elastycznie-metodycznie<\/a><\/li>\n\n\n\n<li><a href=\"https:\/\/topas.com.pl\/?page_id=175\">Analiza \u2013 modelowanie \u2013 programowanie certyfikowane kompetencje pracownik\u00f3w &#8230;<\/a><\/li>\n\n\n\n<li><a href=\"https:\/\/topas.com.pl\/?page_id=144\">Baza Biznesu<\/a><\/li>\n\n\n\n<li><a href=\"https:\/\/topas.com.pl\/?page_id=112\">Certyfikowani administratorzy IT dla MMP ICT w wojew\u00f3dztwie zachodniopomorskim<\/a><\/li>\n\n\n\n<li><a href=\"https:\/\/topas.com.pl\/?page_id=154\">Ekozarz\u0105dzanie \u2013 o \u015brodowisku metodycznie<\/a><\/li>\n\n\n\n<li><a href=\"https:\/\/topas.com.pl\/?page_id=181\">Profesjonalni podkarpaccy programi\u015bci z certyfikatem<\/a><\/li>\n\n\n\n<li><a href=\"https:\/\/topas.com.pl\/?page_id=136\">Skonfigurowani administratorzy w MMSP bran\u017cy ICT w Wielkopolsce<\/a><\/li>\n\n\n\n<li><a href=\"https:\/\/topas.com.pl\/?page_id=183\">\u015al\u0105ski certyfikowany Programista Aplikacji Mobilnych<\/a><\/li>\n\n\n\n<li><a href=\"https:\/\/topas.com.pl\/?page_id=119\">Szansa dla ICT<\/a><\/li>\n\n\n\n<li><a href=\"https:\/\/topas.com.pl\/?page_id=86\">Zachodniopomorska Akademia Programistyczna<\/a><\/li>\n\n\n\n<li><a href=\"https:\/\/topas.com.pl\/?page_id=189\">Rozw\u00f3j kapita\u0142u ludzkiego firm z sektora MMP<\/a><\/li>\n\n\n\n<li><a href=\"https:\/\/topas.com.pl\/?page_id=192\">Odpowiedzialny i zr\u00f3wnowa\u017cony rozw\u00f3j<\/a><\/li>\n<\/ul>\n\n\n\n<p><\/p>\n","protected":false},"excerpt":{"rendered":"<p>PROJEKTY ZREALIZOWANE w wojew\u00f3dztwie mazowieckim \u2013 Prace rozwojowe w celu stworzenia innowacyjnej us\u0142ugi wspomagaj\u0105cej zarz\u0105dzanie kompetencjami poznawczymi w przedsi\u0119biorstwach \u2013 Innowacyjne us\u0142ugi dzi\u0119ki badaniom nad zastosowaniem biofeedbackuw wojew\u00f3dztwie zachodniopomorskim w wojew\u00f3dztwie zachodniopomorskim \u2013 Zachodniopomorska Akademia Programistyczna\u2013 WEB nie od parady &hellip; <a href=\"https:\/\/topas.com.pl\/?page_id=52\">Czytaj dalej <span class=\"meta-nav\">&rarr;<\/span><\/a><\/p>\n","protected":false},"author":1,"featured_media":0,"parent":0,"menu_order":0,"comment_status":"closed","ping_status":"closed","template":"","meta":{"footnotes":""},"class_list":["post-52","page","type-page","status-publish","hentry"],"_links":{"self":[{"href":"https:\/\/topas.com.pl\/index.php?rest_route=\/wp\/v2\/pages\/52","targetHints":{"allow":["GET"]}}],"collection":[{"href":"https:\/\/topas.com.pl\/index.php?rest_route=\/wp\/v2\/pages"}],"about":[{"href":"https:\/\/topas.com.pl\/index.php?rest_route=\/wp\/v2\/types\/page"}],"author":[{"embeddable":true,"href":"https:\/\/topas.com.pl\/index.php?rest_route=\/wp\/v2\/users\/1"}],"replies":[{"embeddable":true,"href":"https:\/\/topas.com.pl\/index.php?rest_route=%2Fwp%2Fv2%2Fcomments&post=52"}],"version-history":[{"count":27,"href":"https:\/\/topas.com.pl\/index.php?rest_route=\/wp\/v2\/pages\/52\/revisions"}],"predecessor-version":[{"id":194,"href":"https:\/\/topas.com.pl\/index.php?rest_route=\/wp\/v2\/pages\/52\/revisions\/194"}],"wp:attachment":[{"href":"https:\/\/topas.com.pl\/index.php?rest_route=%2Fwp%2Fv2%2Fmedia&parent=52"}],"curies":[{"name":"wp","href":"https:\/\/api.w.org\/{rel}","templated":true}]}}